{"id":850,"date":"2018-05-23T19:47:27","date_gmt":"2018-05-23T17:47:27","guid":{"rendered":"https:\/\/www.ondamarinarta.it\/sport\/"},"modified":"2018-12-14T12:43:51","modified_gmt":"2018-12-14T11:43:51","slug":"sport","status":"publish","type":"page","link":"https:\/\/www.ondamarinarta.it\/fr\/activite-et-territoire\/sport\/","title":{"rendered":"Sport"},"content":{"rendered":"<p>Les activit\u00e9s suivantes sont \u00e0 disposition pr\u00e8s de la r\u00e9sidence:<\/p>\n<p>\u2022 Tennis<br \/>\n\u2022 Beach Volley<br \/>\n\u2022 Promenades \u00e0 cheval<br \/>\n\u2022 Voile et Wind-surf<br \/>\n\u2022 Promenades en v\u00e9lo<br \/>\n\u2022 P\u00e9tanque<\/p>\n","protected":false},"excerpt":{"rendered":"<p>Les activit\u00e9s suivantes sont \u00e0 disposition pr\u00e8s de la r\u00e9sidence: \u2022 Tennis \u2022 Beach Volley \u2022 Promenades \u00e0 cheval \u2022 Voile et Wind-surf \u2022 Promenades en v\u00e9lo \u2022 P\u00e9tanque<\/p>\n","protected":false},"author":5,"featured_media":852,"parent":857,"menu_order":15,"comment_status":"closed","ping_status":"closed","template":"","meta":{"_acf_changed":false,"footnotes":""},"class_list":["post-850","page","type-page","status-publish","has-post-thumbnail","hentry"],"acf":[],"yoast_head":"<!-- This site is optimized with the Yoast SEO plugin v27.0 - https:\/\/yoast.com\/product\/yoast-seo-wordpress\/ -->\n<title>Sport - Onda Marina - Residence RTA<\/title>\n<meta name=\"robots\" content=\"index, follow, max-snippet:-1, max-image-preview:large, max-video-preview:-1\" \/>\n<link rel=\"canonical\" href=\"https:\/\/www.ondamarinarta.it\/fr\/activite-et-territoire\/sport\/\" \/>\n<meta property=\"og:locale\" content=\"fr_FR\" \/>\n<meta property=\"og:type\" content=\"article\" \/>\n<meta property=\"og:title\" content=\"Sport - Onda Marina - Residence RTA\" \/>\n<meta property=\"og:description\" content=\"Les activit\u00e9s suivantes sont \u00e0 disposition pr\u00e8s de la r\u00e9sidence: \u2022 Tennis \u2022 Beach Volley \u2022 Promenades \u00e0 cheval \u2022 Voile et Wind-surf \u2022 Promenades en v\u00e9lo \u2022 P\u00e9tanque\" \/>\n<meta property=\"og:url\" content=\"https:\/\/www.ondamarinarta.it\/fr\/activite-et-territoire\/sport\/\" \/>\n<meta property=\"og:site_name\" content=\"Onda Marina - Residence RTA\" \/>\n<meta property=\"article:modified_time\" content=\"2018-12-14T11:43:51+00:00\" \/>\n<meta property=\"og:image\" content=\"https:\/\/www.ondamarinarta.it\/wp-content\/uploads\/2018\/06\/beach-volley.jpg\" \/>\n\t<meta property=\"og:image:width\" content=\"3000\" \/>\n\t<meta property=\"og:image:height\" content=\"2002\" \/>\n\t<meta property=\"og:image:type\" content=\"image\/jpeg\" \/>\n<meta name=\"twitter:card\" content=\"summary_large_image\" \/>\n<script type=\"application\/ld+json\" class=\"yoast-schema-graph\">{\"@context\":\"https:\/\/schema.org\",\"@graph\":[{\"@type\":\"WebPage\",\"@id\":\"https:\/\/www.ondamarinarta.it\/fr\/activite-et-territoire\/sport\/\",\"url\":\"https:\/\/www.ondamarinarta.it\/fr\/activite-et-territoire\/sport\/\",\"name\":\"Sport - Onda Marina - Residence RTA\",\"isPartOf\":{\"@id\":\"https:\/\/www.ondamarinarta.it\/#website\"},\"primaryImageOfPage\":{\"@id\":\"https:\/\/www.ondamarinarta.it\/fr\/activite-et-territoire\/sport\/#primaryimage\"},\"image\":{\"@id\":\"https:\/\/www.ondamarinarta.it\/fr\/activite-et-territoire\/sport\/#primaryimage\"},\"thumbnailUrl\":\"https:\/\/www.ondamarinarta.it\/wp-content\/uploads\/2018\/06\/beach-volley.jpg\",\"datePublished\":\"2018-05-23T17:47:27+00:00\",\"dateModified\":\"2018-12-14T11:43:51+00:00\",\"breadcrumb\":{\"@id\":\"https:\/\/www.ondamarinarta.it\/fr\/activite-et-territoire\/sport\/#breadcrumb\"},\"inLanguage\":\"fr-FR\",\"potentialAction\":[{\"@type\":\"ReadAction\",\"target\":[\"https:\/\/www.ondamarinarta.it\/fr\/activite-et-territoire\/sport\/\"]}]},{\"@type\":\"ImageObject\",\"inLanguage\":\"fr-FR\",\"@id\":\"https:\/\/www.ondamarinarta.it\/fr\/activite-et-territoire\/sport\/#primaryimage\",\"url\":\"https:\/\/www.ondamarinarta.it\/wp-content\/uploads\/2018\/06\/beach-volley.jpg\",\"contentUrl\":\"https:\/\/www.ondamarinarta.it\/wp-content\/uploads\/2018\/06\/beach-volley.jpg\",\"width\":\"3000\",\"height\":\"2002\",\"caption\":\"Portrait of young beautiful girl vacationing in Varadero, Cuba, playing beach volley near the sea\"},{\"@type\":\"BreadcrumbList\",\"@id\":\"https:\/\/www.ondamarinarta.it\/fr\/activite-et-territoire\/sport\/#breadcrumb\",\"itemListElement\":[{\"@type\":\"ListItem\",\"position\":1,\"name\":\"Home\",\"item\":\"https:\/\/www.ondamarinarta.it\/\"},{\"@type\":\"ListItem\",\"position\":2,\"name\":\"Activit\u00e9 et territoire\",\"item\":\"https:\/\/www.ondamarinarta.it\/fr\/activite-et-territoire\/excursions\/\"},{\"@type\":\"ListItem\",\"position\":3,\"name\":\"Sport\"}]},{\"@type\":\"WebSite\",\"@id\":\"https:\/\/www.ondamarinarta.it\/#website\",\"url\":\"https:\/\/www.ondamarinarta.it\/\",\"name\":\"Onda Marina - Residence RTA\",\"description\":\"\",\"potentialAction\":[{\"@type\":\"SearchAction\",\"target\":{\"@type\":\"EntryPoint\",\"urlTemplate\":\"https:\/\/www.ondamarinarta.it\/?s={search_term_string}\"},\"query-input\":{\"@type\":\"PropertyValueSpecification\",\"valueRequired\":true,\"valueName\":\"search_term_string\"}}],\"inLanguage\":\"fr-FR\"}]}<\/script>\n<!-- \/ Yoast SEO plugin. -->","yoast_head_json":{"title":"Sport - Onda Marina - Residence RTA","robots":{"index":"index","follow":"follow","max-snippet":"max-snippet:-1","max-image-preview":"max-image-preview:large","max-video-preview":"max-video-preview:-1"},"canonical":"https:\/\/www.ondamarinarta.it\/fr\/activite-et-territoire\/sport\/","og_locale":"fr_FR","og_type":"article","og_title":"Sport - Onda Marina - Residence RTA","og_description":"Les activit\u00e9s suivantes sont \u00e0 disposition pr\u00e8s de la r\u00e9sidence: \u2022 Tennis \u2022 Beach Volley \u2022 Promenades \u00e0 cheval \u2022 Voile et Wind-surf \u2022 Promenades en v\u00e9lo \u2022 P\u00e9tanque","og_url":"https:\/\/www.ondamarinarta.it\/fr\/activite-et-territoire\/sport\/","og_site_name":"Onda Marina - Residence RTA","article_modified_time":"2018-12-14T11:43:51+00:00","og_image":[{"width":3000,"height":2002,"url":"https:\/\/www.ondamarinarta.it\/wp-content\/uploads\/2018\/06\/beach-volley.jpg","type":"image\/jpeg"}],"twitter_card":"summary_large_image","schema":{"@context":"https:\/\/schema.org","@graph":[{"@type":"WebPage","@id":"https:\/\/www.ondamarinarta.it\/fr\/activite-et-territoire\/sport\/","url":"https:\/\/www.ondamarinarta.it\/fr\/activite-et-territoire\/sport\/","name":"Sport - Onda Marina - Residence RTA","isPartOf":{"@id":"https:\/\/www.ondamarinarta.it\/#website"},"primaryImageOfPage":{"@id":"https:\/\/www.ondamarinarta.it\/fr\/activite-et-territoire\/sport\/#primaryimage"},"image":{"@id":"https:\/\/www.ondamarinarta.it\/fr\/activite-et-territoire\/sport\/#primaryimage"},"thumbnailUrl":"https:\/\/www.ondamarinarta.it\/wp-content\/uploads\/2018\/06\/beach-volley.jpg","datePublished":"2018-05-23T17:47:27+00:00","dateModified":"2018-12-14T11:43:51+00:00","breadcrumb":{"@id":"https:\/\/www.ondamarinarta.it\/fr\/activite-et-territoire\/sport\/#breadcrumb"},"inLanguage":"fr-FR","potentialAction":[{"@type":"ReadAction","target":["https:\/\/www.ondamarinarta.it\/fr\/activite-et-territoire\/sport\/"]}]},{"@type":"ImageObject","inLanguage":"fr-FR","@id":"https:\/\/www.ondamarinarta.it\/fr\/activite-et-territoire\/sport\/#primaryimage","url":"https:\/\/www.ondamarinarta.it\/wp-content\/uploads\/2018\/06\/beach-volley.jpg","contentUrl":"https:\/\/www.ondamarinarta.it\/wp-content\/uploads\/2018\/06\/beach-volley.jpg","width":"3000","height":"2002","caption":"Portrait of young beautiful girl vacationing in Varadero, Cuba, playing beach volley near the sea"},{"@type":"BreadcrumbList","@id":"https:\/\/www.ondamarinarta.it\/fr\/activite-et-territoire\/sport\/#breadcrumb","itemListElement":[{"@type":"ListItem","position":1,"name":"Home","item":"https:\/\/www.ondamarinarta.it\/"},{"@type":"ListItem","position":2,"name":"Activit\u00e9 et territoire","item":"https:\/\/www.ondamarinarta.it\/fr\/activite-et-territoire\/excursions\/"},{"@type":"ListItem","position":3,"name":"Sport"}]},{"@type":"WebSite","@id":"https:\/\/www.ondamarinarta.it\/#website","url":"https:\/\/www.ondamarinarta.it\/","name":"Onda Marina - Residence RTA","description":"","potentialAction":[{"@type":"SearchAction","target":{"@type":"EntryPoint","urlTemplate":"https:\/\/www.ondamarinarta.it\/?s={search_term_string}"},"query-input":{"@type":"PropertyValueSpecification","valueRequired":true,"valueName":"search_term_string"}}],"inLanguage":"fr-FR"}]}},"_links":{"self":[{"href":"https:\/\/www.ondamarinarta.it\/fr\/wp-json\/wp\/v2\/pages\/850","targetHints":{"allow":["GET"]}}],"collection":[{"href":"https:\/\/www.ondamarinarta.it\/fr\/wp-json\/wp\/v2\/pages"}],"about":[{"href":"https:\/\/www.ondamarinarta.it\/fr\/wp-json\/wp\/v2\/types\/page"}],"author":[{"embeddable":true,"href":"https:\/\/www.ondamarinarta.it\/fr\/wp-json\/wp\/v2\/users\/5"}],"replies":[{"embeddable":true,"href":"https:\/\/www.ondamarinarta.it\/fr\/wp-json\/wp\/v2\/comments?post=850"}],"version-history":[{"count":1,"href":"https:\/\/www.ondamarinarta.it\/fr\/wp-json\/wp\/v2\/pages\/850\/revisions"}],"predecessor-version":[{"id":853,"href":"https:\/\/www.ondamarinarta.it\/fr\/wp-json\/wp\/v2\/pages\/850\/revisions\/853"}],"up":[{"embeddable":true,"href":"https:\/\/www.ondamarinarta.it\/fr\/wp-json\/wp\/v2\/pages\/857"}],"wp:featuredmedia":[{"embeddable":true,"href":"https:\/\/www.ondamarinarta.it\/fr\/wp-json\/wp\/v2\/media\/852"}],"wp:attachment":[{"href":"https:\/\/www.ondamarinarta.it\/fr\/wp-json\/wp\/v2\/media?parent=850"}],"curies":[{"name":"wp","href":"https:\/\/api.w.org\/{rel}","templated":true}]}}