{"id":845,"date":"2018-05-23T19:49:24","date_gmt":"2018-05-23T17:49:24","guid":{"rendered":"https:\/\/www.ondamarinarta.it\/cultura\/"},"modified":"2018-12-14T12:42:30","modified_gmt":"2018-12-14T11:42:30","slug":"culture","status":"publish","type":"page","link":"https:\/\/www.ondamarinarta.it\/fr\/activite-et-territoire\/culture\/","title":{"rendered":"Culture"},"content":{"rendered":"<h2>Festival Caff\u00e8 Versiliana<\/h2>\n<p>Marina Di Pietrasanta &#8211; Pietrasanta (LU)<\/p>\n<p>L&rsquo;\u00e9t\u00e9 marque le d\u00e9but des spectacles du\u00a0Festival La Versiliana \u00e0 Marina di Pietrasanta.<\/p>\n<p>En savoir plus sur <a href=\"http:\/\/versilianafestival.it\/\" target=\"_blank\" rel=\"nofollow noopener\">www.versilianafestival.it<\/a>.<\/p>\n<h2>Festival Pucciniano<\/h2>\n<p>Le Festival Puccini \u00e0 Torre del Lago est l&rsquo;un des \u00e9v\u00e9nements parmi les plus attendus de la dense vie culturelle Toscane, le plus important festival lyrique d&rsquo;Italie et le seul au monde d\u00e9di\u00e9 au compositeur Giacomo Puccini, se d\u00e9roule chaque \u00e9t\u00e9, durant les mois de juillet et ao\u00fbt, dans les lieux qui ont inspir\u00e9 ses c\u00e9l\u00e8bres m\u00e9lodies au ma\u00eetre Puccini.<\/p>\n<p>En savoir plus sur <a href=\"https:\/\/www.puccinifestival.it\/\" target=\"_blank\" rel=\"nofollow noopener\">www.puccinifestival.it<\/a>.<\/p>\n","protected":false},"excerpt":{"rendered":"<p>Festival Caff\u00e8 Versiliana Marina Di Pietrasanta &#8211; Pietrasanta (LU) L&rsquo;\u00e9t\u00e9 marque le d\u00e9but des spectacles du\u00a0Festival La Versiliana \u00e0 Marina di Pietrasanta. En savoir plus sur www.versilianafestival.it. Festival Pucciniano Le Festival Puccini \u00e0 Torre del Lago est l&rsquo;un des \u00e9v\u00e9nements parmi les plus attendus de [&hellip;]<\/p>\n","protected":false},"author":5,"featured_media":846,"parent":857,"menu_order":10,"comment_status":"closed","ping_status":"closed","template":"","meta":{"_acf_changed":false,"footnotes":""},"class_list":["post-845","page","type-page","status-publish","has-post-thumbnail","hentry"],"acf":[],"yoast_head":"<!-- This site is optimized with the Yoast SEO plugin v27.0 - https:\/\/yoast.com\/product\/yoast-seo-wordpress\/ -->\n<title>Culture - Onda Marina - Residence RTA<\/title>\n<meta name=\"robots\" content=\"index, follow, max-snippet:-1, max-image-preview:large, max-video-preview:-1\" \/>\n<link rel=\"canonical\" href=\"https:\/\/www.ondamarinarta.it\/fr\/activite-et-territoire\/culture\/\" \/>\n<meta property=\"og:locale\" content=\"fr_FR\" \/>\n<meta property=\"og:type\" content=\"article\" \/>\n<meta property=\"og:title\" content=\"Culture - Onda Marina - Residence RTA\" \/>\n<meta property=\"og:description\" content=\"Festival Caff\u00e8 Versiliana Marina Di Pietrasanta &#8211; Pietrasanta (LU) L&rsquo;\u00e9t\u00e9 marque le d\u00e9but des spectacles du\u00a0Festival La Versiliana \u00e0 Marina di Pietrasanta. En savoir plus sur www.versilianafestival.it. Festival Pucciniano Le Festival Puccini \u00e0 Torre del Lago est l&rsquo;un des \u00e9v\u00e9nements parmi les plus attendus de [&hellip;]\" \/>\n<meta property=\"og:url\" content=\"https:\/\/www.ondamarinarta.it\/fr\/activite-et-territoire\/culture\/\" \/>\n<meta property=\"og:site_name\" content=\"Onda Marina - Residence RTA\" \/>\n<meta property=\"article:modified_time\" content=\"2018-12-14T11:42:30+00:00\" \/>\n<meta property=\"og:image\" content=\"https:\/\/www.ondamarinarta.it\/wp-content\/uploads\/2018\/06\/test-attivita-cultura.jpg\" \/>\n\t<meta property=\"og:image:width\" content=\"1600\" \/>\n\t<meta property=\"og:image:height\" content=\"1055\" \/>\n\t<meta property=\"og:image:type\" content=\"image\/jpeg\" \/>\n<meta name=\"twitter:card\" content=\"summary_large_image\" \/>\n<meta name=\"twitter:label1\" content=\"Dur\u00e9e de lecture estim\u00e9e\" \/>\n\t<meta name=\"twitter:data1\" content=\"1 minute\" \/>\n<script type=\"application\/ld+json\" class=\"yoast-schema-graph\">{\"@context\":\"https:\/\/schema.org\",\"@graph\":[{\"@type\":\"WebPage\",\"@id\":\"https:\/\/www.ondamarinarta.it\/fr\/activite-et-territoire\/culture\/\",\"url\":\"https:\/\/www.ondamarinarta.it\/fr\/activite-et-territoire\/culture\/\",\"name\":\"Culture - Onda Marina - Residence RTA\",\"isPartOf\":{\"@id\":\"https:\/\/www.ondamarinarta.it\/#website\"},\"primaryImageOfPage\":{\"@id\":\"https:\/\/www.ondamarinarta.it\/fr\/activite-et-territoire\/culture\/#primaryimage\"},\"image\":{\"@id\":\"https:\/\/www.ondamarinarta.it\/fr\/activite-et-territoire\/culture\/#primaryimage\"},\"thumbnailUrl\":\"https:\/\/www.ondamarinarta.it\/wp-content\/uploads\/2018\/06\/test-attivita-cultura.jpg\",\"datePublished\":\"2018-05-23T17:49:24+00:00\",\"dateModified\":\"2018-12-14T11:42:30+00:00\",\"breadcrumb\":{\"@id\":\"https:\/\/www.ondamarinarta.it\/fr\/activite-et-territoire\/culture\/#breadcrumb\"},\"inLanguage\":\"fr-FR\",\"potentialAction\":[{\"@type\":\"ReadAction\",\"target\":[\"https:\/\/www.ondamarinarta.it\/fr\/activite-et-territoire\/culture\/\"]}]},{\"@type\":\"ImageObject\",\"inLanguage\":\"fr-FR\",\"@id\":\"https:\/\/www.ondamarinarta.it\/fr\/activite-et-territoire\/culture\/#primaryimage\",\"url\":\"https:\/\/www.ondamarinarta.it\/wp-content\/uploads\/2018\/06\/test-attivita-cultura.jpg\",\"contentUrl\":\"https:\/\/www.ondamarinarta.it\/wp-content\/uploads\/2018\/06\/test-attivita-cultura.jpg\",\"width\":1600,\"height\":1055},{\"@type\":\"BreadcrumbList\",\"@id\":\"https:\/\/www.ondamarinarta.it\/fr\/activite-et-territoire\/culture\/#breadcrumb\",\"itemListElement\":[{\"@type\":\"ListItem\",\"position\":1,\"name\":\"Home\",\"item\":\"https:\/\/www.ondamarinarta.it\/\"},{\"@type\":\"ListItem\",\"position\":2,\"name\":\"Activit\u00e9 et territoire\",\"item\":\"https:\/\/www.ondamarinarta.it\/fr\/activite-et-territoire\/excursions\/\"},{\"@type\":\"ListItem\",\"position\":3,\"name\":\"Culture\"}]},{\"@type\":\"WebSite\",\"@id\":\"https:\/\/www.ondamarinarta.it\/#website\",\"url\":\"https:\/\/www.ondamarinarta.it\/\",\"name\":\"Onda Marina - Residence RTA\",\"description\":\"\",\"potentialAction\":[{\"@type\":\"SearchAction\",\"target\":{\"@type\":\"EntryPoint\",\"urlTemplate\":\"https:\/\/www.ondamarinarta.it\/?s={search_term_string}\"},\"query-input\":{\"@type\":\"PropertyValueSpecification\",\"valueRequired\":true,\"valueName\":\"search_term_string\"}}],\"inLanguage\":\"fr-FR\"}]}<\/script>\n<!-- \/ Yoast SEO plugin. -->","yoast_head_json":{"title":"Culture - Onda Marina - Residence RTA","robots":{"index":"index","follow":"follow","max-snippet":"max-snippet:-1","max-image-preview":"max-image-preview:large","max-video-preview":"max-video-preview:-1"},"canonical":"https:\/\/www.ondamarinarta.it\/fr\/activite-et-territoire\/culture\/","og_locale":"fr_FR","og_type":"article","og_title":"Culture - Onda Marina - Residence RTA","og_description":"Festival Caff\u00e8 Versiliana Marina Di Pietrasanta &#8211; Pietrasanta (LU) L&rsquo;\u00e9t\u00e9 marque le d\u00e9but des spectacles du\u00a0Festival La Versiliana \u00e0 Marina di Pietrasanta. En savoir plus sur www.versilianafestival.it. Festival Pucciniano Le Festival Puccini \u00e0 Torre del Lago est l&rsquo;un des \u00e9v\u00e9nements parmi les plus attendus de [&hellip;]","og_url":"https:\/\/www.ondamarinarta.it\/fr\/activite-et-territoire\/culture\/","og_site_name":"Onda Marina - Residence RTA","article_modified_time":"2018-12-14T11:42:30+00:00","og_image":[{"width":1600,"height":1055,"url":"https:\/\/www.ondamarinarta.it\/wp-content\/uploads\/2018\/06\/test-attivita-cultura.jpg","type":"image\/jpeg"}],"twitter_card":"summary_large_image","twitter_misc":{"Dur\u00e9e de lecture estim\u00e9e":"1 minute"},"schema":{"@context":"https:\/\/schema.org","@graph":[{"@type":"WebPage","@id":"https:\/\/www.ondamarinarta.it\/fr\/activite-et-territoire\/culture\/","url":"https:\/\/www.ondamarinarta.it\/fr\/activite-et-territoire\/culture\/","name":"Culture - Onda Marina - Residence RTA","isPartOf":{"@id":"https:\/\/www.ondamarinarta.it\/#website"},"primaryImageOfPage":{"@id":"https:\/\/www.ondamarinarta.it\/fr\/activite-et-territoire\/culture\/#primaryimage"},"image":{"@id":"https:\/\/www.ondamarinarta.it\/fr\/activite-et-territoire\/culture\/#primaryimage"},"thumbnailUrl":"https:\/\/www.ondamarinarta.it\/wp-content\/uploads\/2018\/06\/test-attivita-cultura.jpg","datePublished":"2018-05-23T17:49:24+00:00","dateModified":"2018-12-14T11:42:30+00:00","breadcrumb":{"@id":"https:\/\/www.ondamarinarta.it\/fr\/activite-et-territoire\/culture\/#breadcrumb"},"inLanguage":"fr-FR","potentialAction":[{"@type":"ReadAction","target":["https:\/\/www.ondamarinarta.it\/fr\/activite-et-territoire\/culture\/"]}]},{"@type":"ImageObject","inLanguage":"fr-FR","@id":"https:\/\/www.ondamarinarta.it\/fr\/activite-et-territoire\/culture\/#primaryimage","url":"https:\/\/www.ondamarinarta.it\/wp-content\/uploads\/2018\/06\/test-attivita-cultura.jpg","contentUrl":"https:\/\/www.ondamarinarta.it\/wp-content\/uploads\/2018\/06\/test-attivita-cultura.jpg","width":1600,"height":1055},{"@type":"BreadcrumbList","@id":"https:\/\/www.ondamarinarta.it\/fr\/activite-et-territoire\/culture\/#breadcrumb","itemListElement":[{"@type":"ListItem","position":1,"name":"Home","item":"https:\/\/www.ondamarinarta.it\/"},{"@type":"ListItem","position":2,"name":"Activit\u00e9 et territoire","item":"https:\/\/www.ondamarinarta.it\/fr\/activite-et-territoire\/excursions\/"},{"@type":"ListItem","position":3,"name":"Culture"}]},{"@type":"WebSite","@id":"https:\/\/www.ondamarinarta.it\/#website","url":"https:\/\/www.ondamarinarta.it\/","name":"Onda Marina - Residence RTA","description":"","potentialAction":[{"@type":"SearchAction","target":{"@type":"EntryPoint","urlTemplate":"https:\/\/www.ondamarinarta.it\/?s={search_term_string}"},"query-input":{"@type":"PropertyValueSpecification","valueRequired":true,"valueName":"search_term_string"}}],"inLanguage":"fr-FR"}]}},"_links":{"self":[{"href":"https:\/\/www.ondamarinarta.it\/fr\/wp-json\/wp\/v2\/pages\/845","targetHints":{"allow":["GET"]}}],"collection":[{"href":"https:\/\/www.ondamarinarta.it\/fr\/wp-json\/wp\/v2\/pages"}],"about":[{"href":"https:\/\/www.ondamarinarta.it\/fr\/wp-json\/wp\/v2\/types\/page"}],"author":[{"embeddable":true,"href":"https:\/\/www.ondamarinarta.it\/fr\/wp-json\/wp\/v2\/users\/5"}],"replies":[{"embeddable":true,"href":"https:\/\/www.ondamarinarta.it\/fr\/wp-json\/wp\/v2\/comments?post=845"}],"version-history":[{"count":3,"href":"https:\/\/www.ondamarinarta.it\/fr\/wp-json\/wp\/v2\/pages\/845\/revisions"}],"predecessor-version":[{"id":849,"href":"https:\/\/www.ondamarinarta.it\/fr\/wp-json\/wp\/v2\/pages\/845\/revisions\/849"}],"up":[{"embeddable":true,"href":"https:\/\/www.ondamarinarta.it\/fr\/wp-json\/wp\/v2\/pages\/857"}],"wp:featuredmedia":[{"embeddable":true,"href":"https:\/\/www.ondamarinarta.it\/fr\/wp-json\/wp\/v2\/media\/846"}],"wp:attachment":[{"href":"https:\/\/www.ondamarinarta.it\/fr\/wp-json\/wp\/v2\/media?parent=845"}],"curies":[{"name":"wp","href":"https:\/\/api.w.org\/{rel}","templated":true}]}}