{"id":839,"date":"2018-05-23T19:51:22","date_gmt":"2018-05-23T17:51:22","guid":{"rendered":"https:\/\/www.ondamarinarta.it\/escursioni\/"},"modified":"2018-12-14T12:36:17","modified_gmt":"2018-12-14T11:36:17","slug":"excursions","status":"publish","type":"page","link":"https:\/\/www.ondamarinarta.it\/fr\/activite-et-territoire\/excursions\/","title":{"rendered":"Excursions"},"content":{"rendered":"<h2>Les villes d&rsquo;art<\/h2>\n<h3 style=\"font-family: 'StumptownCoffee', serif; font-weight: 500; margin-bottom: 15px; color: #1b455e; margin-top: 30px;\">Lucques, la splendide<\/h3>\n<p>Elle se situe en plaine, aux pieds des <strong>Alpes apuanes<\/strong> \u00e0 moins d&rsquo;une demi-heure des <strong>c\u00f4tes de la Versilia<\/strong>. Tr\u00e8s simple d&rsquo;acc\u00e8s, que ce soit en voiture ou <strong>en train de Pise et de Florence<\/strong>. Les murailles qui entourent la ville sont tr\u00e8s bien conserv\u00e9es malgr\u00e9 la croissance et la modernisation. Depuis qu&rsquo;elles ne jouent plus un r\u00f4le militaire, elles sont devenues <strong>une zone pi\u00e9tonne importante parfaite pour de longues et agr\u00e9ables promenades<\/strong>. Ne manquez pas l&rsquo;amphith\u00e9\u00e2tre romain visible dans la forme de <strong>Place de l&rsquo;amphith\u00e9\u00e2tre<\/strong>, <strong>les restes arch\u00e9ologiques<\/strong> retrouv\u00e9s sous l&rsquo;<strong>\u00e9glise San Giovanni e Reparata<\/strong> qui remontent au XIIe si\u00e8cle (la premi\u00e8re cath\u00e9drale de la ville, situ\u00e9e derri\u00e8re l&rsquo;angle du d\u00f4me actuel San Martino) les <strong>diff\u00e9rentes tours et villas<\/strong> r\u00e9alis\u00e9es entre le XIIe et le XVIe si\u00e8cle.<\/p>\n<h3 style=\"font-family: 'StumptownCoffee', serif; font-weight: 500; margin-bottom: 15px; color: #1b455e;\">Pise, la ville de la tour pench\u00e9e<\/h3>\n<p>Apr\u00e8s avoir appr\u00e9ci\u00e9 la tour de Pise et la magnifique place des miracles \u00e0 chacun de ses angles, continuez votre visite vers les autres monuments de la place : la <strong>cath\u00e9drale et le baptist\u00e8re<\/strong>. Sur la place, vous trouverez aussi <strong>Camposanto<\/strong>, le <strong>mus\u00e9e de l&rsquo;\u0153uvre de la cath\u00e9drale<\/strong> et le mus\u00e9e des sinopie. Profitez d&rsquo;une belle promenade sur les rives de l\u2019Arno pour vous rendre aussi \u00e0 l&rsquo;ancien Palazzo dell\u2019Orologio et \u00e0 la <strong>place des cavaliers<\/strong>, qui fut jadis l&rsquo;endroit o\u00f9 le pouvoir de la ville se concentrait puis le si\u00e8ge de l&rsquo;ordre sacr\u00e9 de Saint-\u00c9tienne. La prestigieuse \u00e9cole normale sup\u00e9rieure de Pise se trouve aussi dans le Palazzo della Carovana sur la place.<\/p>\n<h3 style=\"font-family: 'StumptownCoffee', serif; font-weight: 500; margin-bottom: 15px; color: #1b455e;\">Florence, berceau de la renaissance<\/h3>\n<p>Florence repr\u00e9sente le <strong>noyau du patrimoine intellectuel, artistique et culturel de la Toscane<\/strong>, pour ne pas dire d&rsquo;Italie. Un s\u00e9jour en Toscane ne peut se faire sans une visite de Florence, une promenade dans le centre historique, un saut \u00e0 l&rsquo;<strong>esplanade Michel-Ange ou au Ponte Vecchio<\/strong>, pour ensuite marcher sur les rives de l\u2019Arno. Et un s\u00e9jour \u00e0 Florence ne peut passer outre \u00e0 la visite du <strong>Mus\u00e9e des Offices, l\u2019acad\u00e9mie et l&rsquo;imposant palais de la seigneurie<\/strong>. Les \u00e9glises de Sainte Croix, San Miniato, Santa Maria Novella et San Lorenzo h\u00e9bergent certains tombeaux, des mosa\u00efques et des fresques parmi les plus importants et renomm\u00e9s au monde, alors que les mus\u00e9es vous enchanteront avec leurs \u0153uvres d&rsquo;art, leurs sculptures en marbre et en bronze et les nombreux tr\u00e9sors artistiques qu&rsquo;ils renferment.<\/p>\n<h3 style=\"font-family: 'StumptownCoffee', serif; font-weight: 500; margin-bottom: 15px; color: #1b455e;\">Sienne, la ville du Moyen-\u00e2ge en Toscane<\/h3>\n<p>Sienne, situ\u00e9e dans le c\u0153ur de la Toscane est entour\u00e9e de collines, c&rsquo;est l&rsquo;<strong>une des plus belles villes m\u00e9di\u00e9vales d&rsquo;Italie<\/strong>.<br \/>\nLe c\u0153ur de la ville se trouve sur la <strong>Piazza del Campo, avec sa forme particuli\u00e8re de coquillage<\/strong>, o\u00f9 a lieu la c\u00e9l\u00e8bre manifestation du<strong> Palio<\/strong>, l&rsquo;un des rendez-vous les plus importants pour les habitants. Le Palio de Sienne est une course de chevaux d\u00e9cha\u00eenant les passions qui a lieu chaque ann\u00e9e, en juillet et en ao\u00fbt et ses origines semblent remonter au XVIIe si\u00e8cle. Le Palazzo Pubblico, tout comme la Cath\u00e9drale de Sienne, fut construit durant le Gouvernement des Neuf, qui fut la p\u00e9riode d&rsquo;apog\u00e9e et de splendeur \u00e9conomique et culturelle de Sienne.<\/p>\n<hr style=\"display: block; width: auto; margin-right: 30px; border-top: 1px solid #78787C !important; margin-top: 30px; margin-bottom: 35px;\" \/>\n<h2>Nature<\/h2>\n<h3 style=\"font-family: 'StumptownCoffee', serif; font-weight: 500; margin-bottom: 15px; color: #1b455e; margin-top: 30px;\">Grottes Antre du Corchia<\/h3>\n<p>L\u2019Antre du Corchia s&rsquo;\u00e9tend sur <strong>plus de 70 km de galeries et de puits<\/strong>, avec 1 200 m\u00e8tres de d\u00e9nivel\u00e9 maximum : un syst\u00e8me de cavit\u00e9s karstiques d\u00e9velopp\u00e9es dans 2 km cube de roche, ce qui fait de cet endroit <strong>le plus grand complexe souterrain d&rsquo;Italie et un des plus importants en Europ<\/strong>e.<\/p>\n<p>Les visiteurs seront accompagn\u00e9s \u00e0 l&rsquo;int\u00e9rieur du complexe karstique par des professionnels qui fournissent des indications en rapport avec la g\u00e9ologie, la karstologie et la sp\u00e9l\u00e9ologie. Le parcours se d\u00e9ploie sur environ 2 km \u00e0 l&rsquo;int\u00e9rieur de la grotte gr\u00e2ce \u00e0 un syst\u00e8me combin\u00e9 de passerelles en acier et de passages sur des roches naturelles, \u00e0 tr\u00e8s faible impact environnemental, qui permettent de p\u00e9n\u00e9trer dans le c\u0153ur des Alpes apuanes en toute s\u00e9curit\u00e9.<\/p>\n<p><span lang=\"fr-FR\">En savoir plus sur\u00a0<\/span><a href=\"https:\/\/www.corchiapark.it\/\" target=\"_blank\" rel=\"noopener\">www.corchiapark.it<\/a>.<\/p>\n<h3 style=\"font-family: 'StumptownCoffee', serif; font-weight: 500; margin-bottom: 15px; color: #1b455e; margin-top: 30px;\">Grotte du vent<\/h3>\n<p>La grotte du vent se trouve au nord de la Toscane, \u00e0 Garfagnana, au centre du parc naturel des alpes apuanes, dans une zone riche en ph\u00e9nom\u00e8nes karstiques aussi spectaculaires qu\u2019int\u00e9ressants. Ici, les agents atmosph\u00e9riques creusent, sculptent et mod\u00e8lent incessamment les roches calcaires, en cr\u00e9ant de majestueuses sculptures naturelles, comme la massif des Panie, l&rsquo;\u00e9norme arc naturel du Mont Forato ou les cascades de pierre et les crevasses de l&rsquo;altpiano della Vetricia.<\/p>\n<p>Immerg\u00e9e au sein de cet <strong>environnement suggestif<\/strong>, la grotte du vent pr\u00e9sente une vari\u00e9t\u00e9 exceptionnelle d&rsquo;aspects de karstologie souterraine, entre stalactites et stalagmites vivants et brillants, lacs, cours d&rsquo;eau, formes d&rsquo;\u00e9rosion, formation de boue et m\u00eame des puits parfaitement verticaux que l&rsquo;on peut visiter au moyen de sentiers am\u00e9nag\u00e9s.<br \/>\nLa possibilit\u00e9 de choisir parmi diff\u00e9rents itin\u00e9raires de visite en fait une destination id\u00e9ale pour des excursions en solitaire, en couple, en famille, en groupe scolaire ou d&rsquo;adultes, randonneurs, etc.<\/p>\n<p><span lang=\"fr-FR\">En savoir plus sur\u00a0<\/span><a href=\"http:\/\/www.grottadelvento.com\/ITA\/grotta.aspx\" target=\"_blank\" rel=\"noopener\">www.grottadelvento.com<\/a>.<\/p>\n<h3 style=\"font-family: 'StumptownCoffee', serif; font-weight: 500; margin-bottom: 15px; color: #1b455e; margin-top: 30px;\">Les Cinque Terre : Monterosso, Vernazza, Corniglia, Manarola et Riomaggiore<\/h3>\n<p><strong>Les Cinque Terre est l&rsquo;une des plus belles destinations de m\u00e9diterran\u00e9e en Ligurie<\/strong> avec un parcours c\u00f4tier du Levant d&rsquo;environ 10 km, caract\u00e9ris\u00e9 par la pr\u00e9sence de cinq anciens villages perch\u00e9s qui font face \u00e0 la mer (<strong>Monterosso, Vernazza, Corniglia, Manarola et\u00a0<\/strong><strong>Riomaggiore<\/strong>)<\/p>\n<p>Isol\u00e9s en raison des voies de communications principales, ces villages ont sur maintenir leur structure urbanistique inalt\u00e9r\u00e9e au cours des si\u00e8cles et gr\u00e2ce aux caract\u00e9ristiques g\u00e9ographiques du territoire o\u00f9 ils surgissent, ils constituent un haut lieu touristique de Ligure et d&rsquo;Italie. Le territoire vallonn\u00e9 naturellement \u00e2pre et accident\u00e9 est adouci par les constructions en terrasse tr\u00e8s pentues qui chutent sur la mer. Le <strong>Sentier bleu<\/strong>, un parcours qui longe la c\u00f4te relie les villages des Cinque Terre entre eux et offre des <strong>panoramas splendides sur la mer<\/strong>.\u00a0Les ports grouillent de bateaux de p\u00eache et il est possible de go\u00fbter aux sp\u00e9cialit\u00e9s de poisson dans les restaurants typiques, comme le c\u00e9l\u00e8bre condiment ligure: le pesto.<\/p>\n<p>Les Cinque Terre font partie depuis 1997 du patrimoine de l&rsquo;<strong><a href=\"http:\/\/www.cinqueterre.eu.com\/it\/unesco\" target=\"_blank\" rel=\"noopener\">UNESCO<\/a><\/strong>\u00a0dans la liste <strong>\u00ab\u00a0<a href=\"http:\/\/whc.unesco.org\/en\/statesparties\/it\" target=\"_blank\" rel=\"noopener\">WORLD HERITAGE LIST<\/a>\u00a0\u00bb (Patrimoine mondial de l&rsquo;humanit\u00e9)<\/strong> et ces villages font donc partie <strong>des plus beaux sites naturels au monde<\/strong>.<\/p>\n<p>Pour des informations sur le transport maritime, sur les horaires et les tarifs, visitez le site <a href=\"https:\/\/www.navigazionegolfodeipoeti.it\/\" target=\"_blank\" rel=\"noopener\">www.navigazionegolfodeipoeti.it<\/a>.<\/p>\n","protected":false},"excerpt":{"rendered":"<p>Les villes d&rsquo;art Lucques, la splendide Elle se situe en plaine, aux pieds des Alpes apuanes \u00e0 moins d&rsquo;une demi-heure des c\u00f4tes de la Versilia. Tr\u00e8s simple d&rsquo;acc\u00e8s, que ce soit en voiture ou en train de Pise et de Florence. Les murailles qui entourent [&hellip;]<\/p>\n","protected":false},"author":5,"featured_media":840,"parent":857,"menu_order":5,"comment_status":"closed","ping_status":"closed","template":"","meta":{"_acf_changed":false,"footnotes":""},"class_list":["post-839","page","type-page","status-publish","has-post-thumbnail","hentry"],"acf":[],"yoast_head":"<!-- This site is optimized with the Yoast SEO plugin v27.0 - https:\/\/yoast.com\/product\/yoast-seo-wordpress\/ -->\n<title>Excursions - Onda Marina - Residence RTA<\/title>\n<meta name=\"robots\" content=\"index, follow, max-snippet:-1, max-image-preview:large, max-video-preview:-1\" \/>\n<link rel=\"canonical\" href=\"https:\/\/www.ondamarinarta.it\/fr\/activite-et-territoire\/excursions\/\" \/>\n<meta property=\"og:locale\" content=\"fr_FR\" \/>\n<meta property=\"og:type\" content=\"article\" \/>\n<meta property=\"og:title\" content=\"Excursions - Onda Marina - Residence RTA\" \/>\n<meta property=\"og:description\" content=\"Les villes d&rsquo;art Lucques, la splendide Elle se situe en plaine, aux pieds des Alpes apuanes \u00e0 moins d&rsquo;une demi-heure des c\u00f4tes de la Versilia. Tr\u00e8s simple d&rsquo;acc\u00e8s, que ce soit en voiture ou en train de Pise et de Florence. Les murailles qui entourent [&hellip;]\" \/>\n<meta property=\"og:url\" content=\"https:\/\/www.ondamarinarta.it\/fr\/activite-et-territoire\/excursions\/\" \/>\n<meta property=\"og:site_name\" content=\"Onda Marina - Residence RTA\" \/>\n<meta property=\"article:modified_time\" content=\"2018-12-14T11:36:17+00:00\" \/>\n<meta property=\"og:image\" content=\"https:\/\/www.ondamarinarta.it\/wp-content\/uploads\/2018\/06\/test-attivita-escursioni.jpg\" \/>\n\t<meta property=\"og:image:width\" content=\"650\" \/>\n\t<meta property=\"og:image:height\" content=\"435\" \/>\n\t<meta property=\"og:image:type\" content=\"image\/jpeg\" \/>\n<meta name=\"twitter:card\" content=\"summary_large_image\" \/>\n<meta name=\"twitter:label1\" content=\"Dur\u00e9e de lecture estim\u00e9e\" \/>\n\t<meta name=\"twitter:data1\" content=\"6 minutes\" \/>\n<script type=\"application\/ld+json\" class=\"yoast-schema-graph\">{\"@context\":\"https:\/\/schema.org\",\"@graph\":[{\"@type\":\"WebPage\",\"@id\":\"https:\/\/www.ondamarinarta.it\/fr\/activite-et-territoire\/excursions\/\",\"url\":\"https:\/\/www.ondamarinarta.it\/fr\/activite-et-territoire\/excursions\/\",\"name\":\"Excursions - Onda Marina - Residence RTA\",\"isPartOf\":{\"@id\":\"https:\/\/www.ondamarinarta.it\/#website\"},\"primaryImageOfPage\":{\"@id\":\"https:\/\/www.ondamarinarta.it\/fr\/activite-et-territoire\/excursions\/#primaryimage\"},\"image\":{\"@id\":\"https:\/\/www.ondamarinarta.it\/fr\/activite-et-territoire\/excursions\/#primaryimage\"},\"thumbnailUrl\":\"https:\/\/www.ondamarinarta.it\/wp-content\/uploads\/2018\/06\/test-attivita-escursioni.jpg\",\"datePublished\":\"2018-05-23T17:51:22+00:00\",\"dateModified\":\"2018-12-14T11:36:17+00:00\",\"breadcrumb\":{\"@id\":\"https:\/\/www.ondamarinarta.it\/fr\/activite-et-territoire\/excursions\/#breadcrumb\"},\"inLanguage\":\"fr-FR\",\"potentialAction\":[{\"@type\":\"ReadAction\",\"target\":[\"https:\/\/www.ondamarinarta.it\/fr\/activite-et-territoire\/excursions\/\"]}]},{\"@type\":\"ImageObject\",\"inLanguage\":\"fr-FR\",\"@id\":\"https:\/\/www.ondamarinarta.it\/fr\/activite-et-territoire\/excursions\/#primaryimage\",\"url\":\"https:\/\/www.ondamarinarta.it\/wp-content\/uploads\/2018\/06\/test-attivita-escursioni.jpg\",\"contentUrl\":\"https:\/\/www.ondamarinarta.it\/wp-content\/uploads\/2018\/06\/test-attivita-escursioni.jpg\",\"width\":650,\"height\":435},{\"@type\":\"BreadcrumbList\",\"@id\":\"https:\/\/www.ondamarinarta.it\/fr\/activite-et-territoire\/excursions\/#breadcrumb\",\"itemListElement\":[{\"@type\":\"ListItem\",\"position\":1,\"name\":\"Home\",\"item\":\"https:\/\/www.ondamarinarta.it\/\"},{\"@type\":\"ListItem\",\"position\":2,\"name\":\"Activit\u00e9 et territoire\",\"item\":\"https:\/\/www.ondamarinarta.it\/fr\/activite-et-territoire\/excursions\/\"},{\"@type\":\"ListItem\",\"position\":3,\"name\":\"Excursions\"}]},{\"@type\":\"WebSite\",\"@id\":\"https:\/\/www.ondamarinarta.it\/#website\",\"url\":\"https:\/\/www.ondamarinarta.it\/\",\"name\":\"Onda Marina - Residence RTA\",\"description\":\"\",\"potentialAction\":[{\"@type\":\"SearchAction\",\"target\":{\"@type\":\"EntryPoint\",\"urlTemplate\":\"https:\/\/www.ondamarinarta.it\/?s={search_term_string}\"},\"query-input\":{\"@type\":\"PropertyValueSpecification\",\"valueRequired\":true,\"valueName\":\"search_term_string\"}}],\"inLanguage\":\"fr-FR\"}]}<\/script>\n<!-- \/ Yoast SEO plugin. -->","yoast_head_json":{"title":"Excursions - Onda Marina - Residence RTA","robots":{"index":"index","follow":"follow","max-snippet":"max-snippet:-1","max-image-preview":"max-image-preview:large","max-video-preview":"max-video-preview:-1"},"canonical":"https:\/\/www.ondamarinarta.it\/fr\/activite-et-territoire\/excursions\/","og_locale":"fr_FR","og_type":"article","og_title":"Excursions - Onda Marina - Residence RTA","og_description":"Les villes d&rsquo;art Lucques, la splendide Elle se situe en plaine, aux pieds des Alpes apuanes \u00e0 moins d&rsquo;une demi-heure des c\u00f4tes de la Versilia. Tr\u00e8s simple d&rsquo;acc\u00e8s, que ce soit en voiture ou en train de Pise et de Florence. Les murailles qui entourent [&hellip;]","og_url":"https:\/\/www.ondamarinarta.it\/fr\/activite-et-territoire\/excursions\/","og_site_name":"Onda Marina - Residence RTA","article_modified_time":"2018-12-14T11:36:17+00:00","og_image":[{"width":650,"height":435,"url":"https:\/\/www.ondamarinarta.it\/wp-content\/uploads\/2018\/06\/test-attivita-escursioni.jpg","type":"image\/jpeg"}],"twitter_card":"summary_large_image","twitter_misc":{"Dur\u00e9e de lecture estim\u00e9e":"6 minutes"},"schema":{"@context":"https:\/\/schema.org","@graph":[{"@type":"WebPage","@id":"https:\/\/www.ondamarinarta.it\/fr\/activite-et-territoire\/excursions\/","url":"https:\/\/www.ondamarinarta.it\/fr\/activite-et-territoire\/excursions\/","name":"Excursions - Onda Marina - Residence RTA","isPartOf":{"@id":"https:\/\/www.ondamarinarta.it\/#website"},"primaryImageOfPage":{"@id":"https:\/\/www.ondamarinarta.it\/fr\/activite-et-territoire\/excursions\/#primaryimage"},"image":{"@id":"https:\/\/www.ondamarinarta.it\/fr\/activite-et-territoire\/excursions\/#primaryimage"},"thumbnailUrl":"https:\/\/www.ondamarinarta.it\/wp-content\/uploads\/2018\/06\/test-attivita-escursioni.jpg","datePublished":"2018-05-23T17:51:22+00:00","dateModified":"2018-12-14T11:36:17+00:00","breadcrumb":{"@id":"https:\/\/www.ondamarinarta.it\/fr\/activite-et-territoire\/excursions\/#breadcrumb"},"inLanguage":"fr-FR","potentialAction":[{"@type":"ReadAction","target":["https:\/\/www.ondamarinarta.it\/fr\/activite-et-territoire\/excursions\/"]}]},{"@type":"ImageObject","inLanguage":"fr-FR","@id":"https:\/\/www.ondamarinarta.it\/fr\/activite-et-territoire\/excursions\/#primaryimage","url":"https:\/\/www.ondamarinarta.it\/wp-content\/uploads\/2018\/06\/test-attivita-escursioni.jpg","contentUrl":"https:\/\/www.ondamarinarta.it\/wp-content\/uploads\/2018\/06\/test-attivita-escursioni.jpg","width":650,"height":435},{"@type":"BreadcrumbList","@id":"https:\/\/www.ondamarinarta.it\/fr\/activite-et-territoire\/excursions\/#breadcrumb","itemListElement":[{"@type":"ListItem","position":1,"name":"Home","item":"https:\/\/www.ondamarinarta.it\/"},{"@type":"ListItem","position":2,"name":"Activit\u00e9 et territoire","item":"https:\/\/www.ondamarinarta.it\/fr\/activite-et-territoire\/excursions\/"},{"@type":"ListItem","position":3,"name":"Excursions"}]},{"@type":"WebSite","@id":"https:\/\/www.ondamarinarta.it\/#website","url":"https:\/\/www.ondamarinarta.it\/","name":"Onda Marina - Residence RTA","description":"","potentialAction":[{"@type":"SearchAction","target":{"@type":"EntryPoint","urlTemplate":"https:\/\/www.ondamarinarta.it\/?s={search_term_string}"},"query-input":{"@type":"PropertyValueSpecification","valueRequired":true,"valueName":"search_term_string"}}],"inLanguage":"fr-FR"}]}},"_links":{"self":[{"href":"https:\/\/www.ondamarinarta.it\/fr\/wp-json\/wp\/v2\/pages\/839","targetHints":{"allow":["GET"]}}],"collection":[{"href":"https:\/\/www.ondamarinarta.it\/fr\/wp-json\/wp\/v2\/pages"}],"about":[{"href":"https:\/\/www.ondamarinarta.it\/fr\/wp-json\/wp\/v2\/types\/page"}],"author":[{"embeddable":true,"href":"https:\/\/www.ondamarinarta.it\/fr\/wp-json\/wp\/v2\/users\/5"}],"replies":[{"embeddable":true,"href":"https:\/\/www.ondamarinarta.it\/fr\/wp-json\/wp\/v2\/comments?post=839"}],"version-history":[{"count":2,"href":"https:\/\/www.ondamarinarta.it\/fr\/wp-json\/wp\/v2\/pages\/839\/revisions"}],"predecessor-version":[{"id":844,"href":"https:\/\/www.ondamarinarta.it\/fr\/wp-json\/wp\/v2\/pages\/839\/revisions\/844"}],"up":[{"embeddable":true,"href":"https:\/\/www.ondamarinarta.it\/fr\/wp-json\/wp\/v2\/pages\/857"}],"wp:featuredmedia":[{"embeddable":true,"href":"https:\/\/www.ondamarinarta.it\/fr\/wp-json\/wp\/v2\/media\/840"}],"wp:attachment":[{"href":"https:\/\/www.ondamarinarta.it\/fr\/wp-json\/wp\/v2\/media?parent=839"}],"curies":[{"name":"wp","href":"https:\/\/api.w.org\/{rel}","templated":true}]}}