{"id":835,"date":"2018-05-18T11:50:16","date_gmt":"2018-05-18T09:50:16","guid":{"rendered":"https:\/\/www.ondamarinarta.it\/tariffe-e-servizi\/"},"modified":"2020-02-12T10:38:59","modified_gmt":"2020-02-12T09:38:59","slug":"tarifs-et-services","status":"publish","type":"page","link":"https:\/\/www.ondamarinarta.it\/fr\/tarifs-et-services\/","title":{"rendered":"Tarifs et Services"},"content":{"rendered":"<p><strong>Pour les autres p\u00e9riodes de l&rsquo;ann\u00e9e, pour le carnaval, No\u00ebl, le R\u00e9veillon du jour de l&rsquo;an, P\u00e2ques et d&rsquo;autres f\u00eates le prix variera d&rsquo;une journ\u00e9e \u00e0 l&rsquo;autre, n&rsquo;h\u00e9sitez pas \u00e0 nous contacter.<\/strong><\/p>\n<p><strong>Check-in<br \/>\n<\/strong>De 14h00 \u00e0 20h00 d&rsquo;avril \u00e0 juin et de septembre \u00e0 octobre.<br \/>\nDe 14h00 \u00e0 22h00 en juillet et en ao\u00fbt.<\/p>\n<p><strong>Check-out<br \/>\n<\/strong>Avant 10h00 (possibilit\u00e9 d&rsquo;anticiper ou retarder le check-in en basse saison, \u00e0 confirmer avec la r\u00e9ception).<\/p>\n<h2>Services compris<\/h2>\n<ul>\n<li><strong> Piscine<\/strong>: de 9h00 \u00e0 20h00 en juin, juillet et ao\u00fbt. De 9h00 \u00e0 19h30 en avril, mai, septembre;<\/li>\n<li><strong> parking interne;<\/strong><\/li>\n<li><strong> climatisation \/ chauffage;<\/strong><\/li>\n<li><strong> \u00e9lectricit\u00e9;<\/strong><\/li>\n<li><strong> eau;<\/strong><\/li>\n<li><strong> changement de linge deux fois par semaine<\/strong>\u00a0en fonction du jour d&rsquo;arriv\u00e9e),<\/li>\n<li><strong> nettoyage fin de s\u00e9jour ;<\/strong><\/li>\n<li><strong> internet wifi gratuite;<\/strong><\/li>\n<li><strong> solarium\/strong&gt;\u00a0avec possibilit\u00e9 de\u00a0<strong>barbecue\u00a0<\/strong>(tables, chaises et charbon de bois).<\/strong><\/li>\n<\/ul>\n<h2>Services suppl\u00e9mentaires<\/h2>\n<ul>\n<li><strong>Open Bar<\/strong>: 08h00-20h00;<\/li>\n<li>service de\u00a0<strong>blanchisserie\u00a0<\/strong>\u00a0(ouverte de 8h00 \u00e0 18h00) service payant;<\/li>\n<li>ervice de <strong>repassage<\/strong>\u00a0gratuit;<\/li>\n<li><strong>location de v\u00e9los<\/strong>\u00a0service payant;<\/li>\n<li>convention avec\u00a0l&rsquo;<strong>\u00e9tablissement baln\u00e9aire \u201cLuciano\u201d <\/strong> qui propose des tarifs sp\u00e9ciaux \u00e0 nos clients.<\/li>\n<\/ul>\n<h2>Services \u00e0 payer sur place<\/h2>\n<p>Taxe de s\u00e9jour du 1er juin au 30 septembre : \u20ac 1,50 par jour, seulement pour la premi\u00e8re semaine de vacances.<\/p>\n<ul style=\"margin-top: -10px;\">\n<li><strong>Animaux<\/strong>\u00a0de petite taille: 40,00 \u20ac par s\u00e9jour (suppl\u00e9ment pour s\u00e9jour de 3 nuits minimum: 40,00 \u20ac par p\u00e9riode);<\/li>\n<li><strong>lit b\u00e9b\u00e9<\/strong>: 30,00 \u20ac par semaine;<\/li>\n<li><strong>petit lit<\/strong>: 50,00 \u20ac par semaine;<\/li>\n<li>demandes de\u00a0<strong>m\u00e9nage suppl\u00e9mentaire<\/strong>: 20,00 \u20ac;<\/li>\n<li><strong>changement extra<\/strong>\u00a0kit linge: 7,00 \u20ac par personne;<\/li>\n<li><strong>petit-d\u00e9jeuner continental<\/strong> 8,00 \u20ac.<\/li>\n<\/ul>\n","protected":false},"excerpt":{"rendered":"<p>Pour les autres p\u00e9riodes de l&rsquo;ann\u00e9e, pour le carnaval, No\u00ebl, le R\u00e9veillon du jour de l&rsquo;an, P\u00e2ques et d&rsquo;autres f\u00eates le prix variera d&rsquo;une journ\u00e9e \u00e0 l&rsquo;autre, n&rsquo;h\u00e9sitez pas \u00e0 nous contacter. Check-in De 14h00 \u00e0 20h00 d&rsquo;avril \u00e0 juin et de septembre \u00e0 octobre. [&hellip;]<\/p>\n","protected":false},"author":5,"featured_media":0,"parent":0,"menu_order":15,"comment_status":"closed","ping_status":"closed","template":"tpl-tariffs.php","meta":{"_acf_changed":false,"footnotes":""},"class_list":["post-835","page","type-page","status-publish","hentry"],"acf":[],"yoast_head":"<!-- This site is optimized with the Yoast SEO plugin v27.0 - https:\/\/yoast.com\/product\/yoast-seo-wordpress\/ -->\n<title>Tarifs et Services - Onda Marina - Residence RTA<\/title>\n<meta name=\"robots\" content=\"index, follow, max-snippet:-1, max-image-preview:large, max-video-preview:-1\" \/>\n<link rel=\"canonical\" href=\"https:\/\/www.ondamarinarta.it\/fr\/tarifs-et-services\/\" \/>\n<meta property=\"og:locale\" content=\"fr_FR\" \/>\n<meta property=\"og:type\" content=\"article\" \/>\n<meta property=\"og:title\" content=\"Tarifs et Services - Onda Marina - Residence RTA\" \/>\n<meta property=\"og:description\" content=\"Pour les autres p\u00e9riodes de l&rsquo;ann\u00e9e, pour le carnaval, No\u00ebl, le R\u00e9veillon du jour de l&rsquo;an, P\u00e2ques et d&rsquo;autres f\u00eates le prix variera d&rsquo;une journ\u00e9e \u00e0 l&rsquo;autre, n&rsquo;h\u00e9sitez pas \u00e0 nous contacter. Check-in De 14h00 \u00e0 20h00 d&rsquo;avril \u00e0 juin et de septembre \u00e0 octobre. [&hellip;]\" \/>\n<meta property=\"og:url\" content=\"https:\/\/www.ondamarinarta.it\/fr\/tarifs-et-services\/\" \/>\n<meta property=\"og:site_name\" content=\"Onda Marina - Residence RTA\" \/>\n<meta property=\"article:modified_time\" content=\"2020-02-12T09:38:59+00:00\" \/>\n<meta property=\"og:image\" content=\"https:\/\/www.ondamarinarta.it\/wp-content\/uploads\/2018\/08\/giardino01.jpg\" \/>\n\t<meta property=\"og:image:width\" content=\"800\" \/>\n\t<meta property=\"og:image:height\" content=\"533\" \/>\n\t<meta property=\"og:image:type\" content=\"image\/jpeg\" \/>\n<meta name=\"twitter:card\" content=\"summary_large_image\" \/>\n<meta name=\"twitter:label1\" content=\"Dur\u00e9e de lecture estim\u00e9e\" \/>\n\t<meta name=\"twitter:data1\" content=\"1 minute\" \/>\n<script type=\"application\/ld+json\" class=\"yoast-schema-graph\">{\"@context\":\"https:\/\/schema.org\",\"@graph\":[{\"@type\":\"WebPage\",\"@id\":\"https:\/\/www.ondamarinarta.it\/fr\/tarifs-et-services\/\",\"url\":\"https:\/\/www.ondamarinarta.it\/fr\/tarifs-et-services\/\",\"name\":\"Tarifs et Services - Onda Marina - Residence RTA\",\"isPartOf\":{\"@id\":\"https:\/\/www.ondamarinarta.it\/#website\"},\"datePublished\":\"2018-05-18T09:50:16+00:00\",\"dateModified\":\"2020-02-12T09:38:59+00:00\",\"breadcrumb\":{\"@id\":\"https:\/\/www.ondamarinarta.it\/fr\/tarifs-et-services\/#breadcrumb\"},\"inLanguage\":\"fr-FR\",\"potentialAction\":[{\"@type\":\"ReadAction\",\"target\":[\"https:\/\/www.ondamarinarta.it\/fr\/tarifs-et-services\/\"]}]},{\"@type\":\"BreadcrumbList\",\"@id\":\"https:\/\/www.ondamarinarta.it\/fr\/tarifs-et-services\/#breadcrumb\",\"itemListElement\":[{\"@type\":\"ListItem\",\"position\":1,\"name\":\"Home\",\"item\":\"https:\/\/www.ondamarinarta.it\/\"},{\"@type\":\"ListItem\",\"position\":2,\"name\":\"Tarifs et Services\"}]},{\"@type\":\"WebSite\",\"@id\":\"https:\/\/www.ondamarinarta.it\/#website\",\"url\":\"https:\/\/www.ondamarinarta.it\/\",\"name\":\"Onda Marina - Residence RTA\",\"description\":\"\",\"potentialAction\":[{\"@type\":\"SearchAction\",\"target\":{\"@type\":\"EntryPoint\",\"urlTemplate\":\"https:\/\/www.ondamarinarta.it\/?s={search_term_string}\"},\"query-input\":{\"@type\":\"PropertyValueSpecification\",\"valueRequired\":true,\"valueName\":\"search_term_string\"}}],\"inLanguage\":\"fr-FR\"}]}<\/script>\n<!-- \/ Yoast SEO plugin. -->","yoast_head_json":{"title":"Tarifs et Services - Onda Marina - Residence RTA","robots":{"index":"index","follow":"follow","max-snippet":"max-snippet:-1","max-image-preview":"max-image-preview:large","max-video-preview":"max-video-preview:-1"},"canonical":"https:\/\/www.ondamarinarta.it\/fr\/tarifs-et-services\/","og_locale":"fr_FR","og_type":"article","og_title":"Tarifs et Services - Onda Marina - Residence RTA","og_description":"Pour les autres p\u00e9riodes de l&rsquo;ann\u00e9e, pour le carnaval, No\u00ebl, le R\u00e9veillon du jour de l&rsquo;an, P\u00e2ques et d&rsquo;autres f\u00eates le prix variera d&rsquo;une journ\u00e9e \u00e0 l&rsquo;autre, n&rsquo;h\u00e9sitez pas \u00e0 nous contacter. Check-in De 14h00 \u00e0 20h00 d&rsquo;avril \u00e0 juin et de septembre \u00e0 octobre. [&hellip;]","og_url":"https:\/\/www.ondamarinarta.it\/fr\/tarifs-et-services\/","og_site_name":"Onda Marina - Residence RTA","article_modified_time":"2020-02-12T09:38:59+00:00","og_image":[{"width":800,"height":533,"url":"https:\/\/www.ondamarinarta.it\/wp-content\/uploads\/2018\/08\/giardino01.jpg","type":"image\/jpeg"}],"twitter_card":"summary_large_image","twitter_misc":{"Dur\u00e9e de lecture estim\u00e9e":"1 minute"},"schema":{"@context":"https:\/\/schema.org","@graph":[{"@type":"WebPage","@id":"https:\/\/www.ondamarinarta.it\/fr\/tarifs-et-services\/","url":"https:\/\/www.ondamarinarta.it\/fr\/tarifs-et-services\/","name":"Tarifs et Services - Onda Marina - Residence RTA","isPartOf":{"@id":"https:\/\/www.ondamarinarta.it\/#website"},"datePublished":"2018-05-18T09:50:16+00:00","dateModified":"2020-02-12T09:38:59+00:00","breadcrumb":{"@id":"https:\/\/www.ondamarinarta.it\/fr\/tarifs-et-services\/#breadcrumb"},"inLanguage":"fr-FR","potentialAction":[{"@type":"ReadAction","target":["https:\/\/www.ondamarinarta.it\/fr\/tarifs-et-services\/"]}]},{"@type":"BreadcrumbList","@id":"https:\/\/www.ondamarinarta.it\/fr\/tarifs-et-services\/#breadcrumb","itemListElement":[{"@type":"ListItem","position":1,"name":"Home","item":"https:\/\/www.ondamarinarta.it\/"},{"@type":"ListItem","position":2,"name":"Tarifs et Services"}]},{"@type":"WebSite","@id":"https:\/\/www.ondamarinarta.it\/#website","url":"https:\/\/www.ondamarinarta.it\/","name":"Onda Marina - Residence RTA","description":"","potentialAction":[{"@type":"SearchAction","target":{"@type":"EntryPoint","urlTemplate":"https:\/\/www.ondamarinarta.it\/?s={search_term_string}"},"query-input":{"@type":"PropertyValueSpecification","valueRequired":true,"valueName":"search_term_string"}}],"inLanguage":"fr-FR"}]}},"_links":{"self":[{"href":"https:\/\/www.ondamarinarta.it\/fr\/wp-json\/wp\/v2\/pages\/835","targetHints":{"allow":["GET"]}}],"collection":[{"href":"https:\/\/www.ondamarinarta.it\/fr\/wp-json\/wp\/v2\/pages"}],"about":[{"href":"https:\/\/www.ondamarinarta.it\/fr\/wp-json\/wp\/v2\/types\/page"}],"author":[{"embeddable":true,"href":"https:\/\/www.ondamarinarta.it\/fr\/wp-json\/wp\/v2\/users\/5"}],"replies":[{"embeddable":true,"href":"https:\/\/www.ondamarinarta.it\/fr\/wp-json\/wp\/v2\/comments?post=835"}],"version-history":[{"count":6,"href":"https:\/\/www.ondamarinarta.it\/fr\/wp-json\/wp\/v2\/pages\/835\/revisions"}],"predecessor-version":[{"id":1171,"href":"https:\/\/www.ondamarinarta.it\/fr\/wp-json\/wp\/v2\/pages\/835\/revisions\/1171"}],"wp:attachment":[{"href":"https:\/\/www.ondamarinarta.it\/fr\/wp-json\/wp\/v2\/media?parent=835"}],"curies":[{"name":"wp","href":"https:\/\/api.w.org\/{rel}","templated":true}]}}