{"id":629,"date":"2018-05-18T11:49:22","date_gmt":"2018-05-18T09:49:22","guid":{"rendered":"https:\/\/www.ondamarinarta.it\/residence\/"},"modified":"2018-12-14T11:47:12","modified_gmt":"2018-12-14T10:47:12","slug":"residence","status":"publish","type":"page","link":"https:\/\/www.ondamarinarta.it\/fr\/residence\/","title":{"rendered":"R\u00e9sidence"},"content":{"rendered":"<p>Inaugur\u00e9e en juin 2002, la r\u00e9sidence <strong>Onda Marina<\/strong> se trouve \u00e0 <strong>Marina di Pietrasanta<\/strong>,<br \/>\n<strong>dans le c\u0153ur de la Versilia<\/strong>, dans une pin\u00e8de silencieuse et verdoyante \u00e0 seulement <strong>1000 m\u00e8tres de la mer<\/strong>.<\/p>\n<p><strong>Onda Marina<\/strong> met \u00e0 disposition de ses clients, dans un lieu moderne et \u00e9l\u00e9gant:<\/p>\n<ul>\n<li>r\u00e9ception;<\/li>\n<li>piscine avec chaises, parasols et serviettes de bain;<\/li>\n<li>jardin pour prendre le soleil avec chaises longues et parasols;<\/li>\n<li>jeux pour enfants;<\/li>\n<li>bar;<\/li>\n<li>ascenseur;<\/li>\n<li>place de parking \u00e0 l&rsquo;int\u00e9rieur;<\/li>\n<li>solarium pour prendre le soleil, avec chaises, canap\u00e9s et zone barbecue;<\/li>\n<li>machine \u00e0 laver (payante);<\/li>\n<li>service de repassage;<\/li>\n<li>internet wifi gratuite.<\/li>\n<\/ul>\n<h2>Indications pour les personnes \u00e0 mobilit\u00e9 r\u00e9duite<\/h2>\n<ul>\n<li>3 deux-pi\u00e8ces \u00e9quip\u00e9s et con\u00e7us pour les personnes handicap\u00e9es avec accompagnateur;<\/li>\n<li>ces appartements se trouvent au premier \u00e9tage c\u00f4t\u00e9 parking;<\/li>\n<li>e bar, la piscine ext\u00e9rieure et le solarium avec zone barbecue sont accessibles aux fauteuils roulants.<\/li>\n<\/ul>\n","protected":false},"excerpt":{"rendered":"<p>Inaugur\u00e9e en juin 2002, la r\u00e9sidence Onda Marina se trouve \u00e0 Marina di Pietrasanta, dans le c\u0153ur de la Versilia, dans une pin\u00e8de silencieuse et verdoyante \u00e0 seulement 1000 m\u00e8tres de la mer. Onda Marina met \u00e0 disposition de ses clients, dans un lieu moderne [&hellip;]<\/p>\n","protected":false},"author":5,"featured_media":0,"parent":0,"menu_order":5,"comment_status":"closed","ping_status":"closed","template":"","meta":{"_acf_changed":false,"footnotes":""},"class_list":["post-629","page","type-page","status-publish","hentry"],"acf":[],"yoast_head":"<!-- This site is optimized with the Yoast SEO plugin v27.0 - https:\/\/yoast.com\/product\/yoast-seo-wordpress\/ -->\n<title>R\u00e9sidence - Onda Marina - Residence RTA<\/title>\n<meta name=\"robots\" content=\"index, follow, max-snippet:-1, max-image-preview:large, max-video-preview:-1\" \/>\n<link rel=\"canonical\" href=\"https:\/\/www.ondamarinarta.it\/fr\/residence\/\" \/>\n<meta property=\"og:locale\" content=\"fr_FR\" \/>\n<meta property=\"og:type\" content=\"article\" \/>\n<meta property=\"og:title\" content=\"R\u00e9sidence - Onda Marina - Residence RTA\" \/>\n<meta property=\"og:description\" content=\"Inaugur\u00e9e en juin 2002, la r\u00e9sidence Onda Marina se trouve \u00e0 Marina di Pietrasanta, dans le c\u0153ur de la Versilia, dans une pin\u00e8de silencieuse et verdoyante \u00e0 seulement 1000 m\u00e8tres de la mer. Onda Marina met \u00e0 disposition de ses clients, dans un lieu moderne [&hellip;]\" \/>\n<meta property=\"og:url\" content=\"https:\/\/www.ondamarinarta.it\/fr\/residence\/\" \/>\n<meta property=\"og:site_name\" content=\"Onda Marina - Residence RTA\" \/>\n<meta property=\"article:modified_time\" content=\"2018-12-14T10:47:12+00:00\" \/>\n<meta property=\"og:image\" content=\"https:\/\/www.ondamarinarta.it\/wp-content\/uploads\/2018\/08\/giardino01.jpg\" \/>\n\t<meta property=\"og:image:width\" content=\"800\" \/>\n\t<meta property=\"og:image:height\" content=\"533\" \/>\n\t<meta property=\"og:image:type\" content=\"image\/jpeg\" \/>\n<meta name=\"twitter:card\" content=\"summary_large_image\" \/>\n<meta name=\"twitter:label1\" content=\"Dur\u00e9e de lecture estim\u00e9e\" \/>\n\t<meta name=\"twitter:data1\" content=\"1 minute\" \/>\n<script type=\"application\/ld+json\" class=\"yoast-schema-graph\">{\"@context\":\"https:\/\/schema.org\",\"@graph\":[{\"@type\":\"WebPage\",\"@id\":\"https:\/\/www.ondamarinarta.it\/fr\/residence\/\",\"url\":\"https:\/\/www.ondamarinarta.it\/fr\/residence\/\",\"name\":\"R\u00e9sidence - Onda Marina - Residence RTA\",\"isPartOf\":{\"@id\":\"https:\/\/www.ondamarinarta.it\/#website\"},\"datePublished\":\"2018-05-18T09:49:22+00:00\",\"dateModified\":\"2018-12-14T10:47:12+00:00\",\"breadcrumb\":{\"@id\":\"https:\/\/www.ondamarinarta.it\/fr\/residence\/#breadcrumb\"},\"inLanguage\":\"fr-FR\",\"potentialAction\":[{\"@type\":\"ReadAction\",\"target\":[\"https:\/\/www.ondamarinarta.it\/fr\/residence\/\"]}]},{\"@type\":\"BreadcrumbList\",\"@id\":\"https:\/\/www.ondamarinarta.it\/fr\/residence\/#breadcrumb\",\"itemListElement\":[{\"@type\":\"ListItem\",\"position\":1,\"name\":\"Home\",\"item\":\"https:\/\/www.ondamarinarta.it\/\"},{\"@type\":\"ListItem\",\"position\":2,\"name\":\"R\u00e9sidence\"}]},{\"@type\":\"WebSite\",\"@id\":\"https:\/\/www.ondamarinarta.it\/#website\",\"url\":\"https:\/\/www.ondamarinarta.it\/\",\"name\":\"Onda Marina - Residence RTA\",\"description\":\"\",\"potentialAction\":[{\"@type\":\"SearchAction\",\"target\":{\"@type\":\"EntryPoint\",\"urlTemplate\":\"https:\/\/www.ondamarinarta.it\/?s={search_term_string}\"},\"query-input\":{\"@type\":\"PropertyValueSpecification\",\"valueRequired\":true,\"valueName\":\"search_term_string\"}}],\"inLanguage\":\"fr-FR\"}]}<\/script>\n<!-- \/ Yoast SEO plugin. -->","yoast_head_json":{"title":"R\u00e9sidence - Onda Marina - Residence RTA","robots":{"index":"index","follow":"follow","max-snippet":"max-snippet:-1","max-image-preview":"max-image-preview:large","max-video-preview":"max-video-preview:-1"},"canonical":"https:\/\/www.ondamarinarta.it\/fr\/residence\/","og_locale":"fr_FR","og_type":"article","og_title":"R\u00e9sidence - Onda Marina - Residence RTA","og_description":"Inaugur\u00e9e en juin 2002, la r\u00e9sidence Onda Marina se trouve \u00e0 Marina di Pietrasanta, dans le c\u0153ur de la Versilia, dans une pin\u00e8de silencieuse et verdoyante \u00e0 seulement 1000 m\u00e8tres de la mer. Onda Marina met \u00e0 disposition de ses clients, dans un lieu moderne [&hellip;]","og_url":"https:\/\/www.ondamarinarta.it\/fr\/residence\/","og_site_name":"Onda Marina - Residence RTA","article_modified_time":"2018-12-14T10:47:12+00:00","og_image":[{"width":800,"height":533,"url":"https:\/\/www.ondamarinarta.it\/wp-content\/uploads\/2018\/08\/giardino01.jpg","type":"image\/jpeg"}],"twitter_card":"summary_large_image","twitter_misc":{"Dur\u00e9e de lecture estim\u00e9e":"1 minute"},"schema":{"@context":"https:\/\/schema.org","@graph":[{"@type":"WebPage","@id":"https:\/\/www.ondamarinarta.it\/fr\/residence\/","url":"https:\/\/www.ondamarinarta.it\/fr\/residence\/","name":"R\u00e9sidence - Onda Marina - Residence RTA","isPartOf":{"@id":"https:\/\/www.ondamarinarta.it\/#website"},"datePublished":"2018-05-18T09:49:22+00:00","dateModified":"2018-12-14T10:47:12+00:00","breadcrumb":{"@id":"https:\/\/www.ondamarinarta.it\/fr\/residence\/#breadcrumb"},"inLanguage":"fr-FR","potentialAction":[{"@type":"ReadAction","target":["https:\/\/www.ondamarinarta.it\/fr\/residence\/"]}]},{"@type":"BreadcrumbList","@id":"https:\/\/www.ondamarinarta.it\/fr\/residence\/#breadcrumb","itemListElement":[{"@type":"ListItem","position":1,"name":"Home","item":"https:\/\/www.ondamarinarta.it\/"},{"@type":"ListItem","position":2,"name":"R\u00e9sidence"}]},{"@type":"WebSite","@id":"https:\/\/www.ondamarinarta.it\/#website","url":"https:\/\/www.ondamarinarta.it\/","name":"Onda Marina - Residence RTA","description":"","potentialAction":[{"@type":"SearchAction","target":{"@type":"EntryPoint","urlTemplate":"https:\/\/www.ondamarinarta.it\/?s={search_term_string}"},"query-input":{"@type":"PropertyValueSpecification","valueRequired":true,"valueName":"search_term_string"}}],"inLanguage":"fr-FR"}]}},"_links":{"self":[{"href":"https:\/\/www.ondamarinarta.it\/fr\/wp-json\/wp\/v2\/pages\/629","targetHints":{"allow":["GET"]}}],"collection":[{"href":"https:\/\/www.ondamarinarta.it\/fr\/wp-json\/wp\/v2\/pages"}],"about":[{"href":"https:\/\/www.ondamarinarta.it\/fr\/wp-json\/wp\/v2\/types\/page"}],"author":[{"embeddable":true,"href":"https:\/\/www.ondamarinarta.it\/fr\/wp-json\/wp\/v2\/users\/5"}],"replies":[{"embeddable":true,"href":"https:\/\/www.ondamarinarta.it\/fr\/wp-json\/wp\/v2\/comments?post=629"}],"version-history":[{"count":2,"href":"https:\/\/www.ondamarinarta.it\/fr\/wp-json\/wp\/v2\/pages\/629\/revisions"}],"predecessor-version":[{"id":828,"href":"https:\/\/www.ondamarinarta.it\/fr\/wp-json\/wp\/v2\/pages\/629\/revisions\/828"}],"wp:attachment":[{"href":"https:\/\/www.ondamarinarta.it\/fr\/wp-json\/wp\/v2\/media?parent=629"}],"curies":[{"name":"wp","href":"https:\/\/api.w.org\/{rel}","templated":true}]}}