{"id":917,"date":"2018-05-23T19:51:22","date_gmt":"2018-05-23T17:51:22","guid":{"rendered":"https:\/\/www.ondamarinarta.it\/escursioni\/"},"modified":"2018-12-21T11:38:21","modified_gmt":"2018-12-21T10:38:21","slug":"ausfluege","status":"publish","type":"page","link":"https:\/\/www.ondamarinarta.it\/de\/aktivitaeten-und-umgebung\/ausfluege\/","title":{"rendered":"Ausfl\u00fcge"},"content":{"rendered":"<h2 class=\"western\"><span style=\"font-size: medium;\">Kunstst\u00e4dte<\/span><\/h2>\n<h3 style=\"font-family: 'StumptownCoffee', serif; font-weight: 500; margin-bottom: 15px; color: #1b455e; margin-top: 30px;\">Lucca, die Prachtvolle<\/h3>\n<p>Lucca liegt in der Ebene am Fu\u00dfe der <strong>Apuanischen Alpen<\/strong> und ist weniger als eine halbe Stunde von der <strong>K\u00fcste der Versilia<\/strong> entfernt. <strong>Von Pisa oder Florenz<\/strong> aus ist es mit dem Auto oder <strong>dem Zug<\/strong> gut erreichbar. Die Stadtmauern sind trotz Wachstum und Modernisierung gut erhalten. Da sie keine milit\u00e4rische Rolle mehr spielen, sind sie zu einer <strong>bedeutenden Fu\u00dfg\u00e4ngerzone geworden, die sich perfekt f\u00fcr lange und angenehme Spazierg\u00e4nge eignet<\/strong>. Verpassen Sie nicht das r\u00f6mische Amphitheater, das in der Form der <strong>Piazza dell\u2019Anfiteatro<\/strong> sichtbar ist, <strong>die arch\u00e4ologischen \u00dcberreste<\/strong> unter der <strong>Kirche San Giovanni und Reparata<\/strong> aus dem XII Jahrhundert (die erste Kathedrale der Stadt, die sich hinter der Ecke der heutigen Kathedrale von San Martino befindet) sowie die <strong>verschiedenen T\u00fcrme und Villen<\/strong>, die zwischen dem XII und XVI Jahrhundert gebaut wurden.<\/p>\n<h3 style=\"font-family: 'StumptownCoffee', serif; font-weight: 500; margin-bottom: 15px; color: #1b455e;\">Pisa, die Stadt des schiefen Turms<\/h3>\n<p>Nachdem Sie den Turm von Pisa und die wundersch\u00f6ne Piazza dei Miracoli aus allen Blickwinkeln betrachtet haben, setzen Sie Ihren Besuch zu den anderen Denkm\u00e4lern des Platzes fort: der <strong>Kathedrale<\/strong> und dem<strong> Baptisterium<\/strong>. Am Rande des Platzes befinden sich auch der <strong>Camposanto<\/strong>, das <strong>Museo dell\u2019Opera del Duomo<\/strong> und das Museo delle Sinopie. Genie\u00dfen Sie danach einen sch\u00f6nen Spaziergang entlang des Arno und erreichen Sie den alten Palazzo dell\u2019Orologio sowie die <strong>Piazza dei Cavalieri<\/strong>, einst der Ort, an dem die Macht der Stadt zentralisiert war, und sp\u00e4terer Sitz des Ordens der Ritter von Santo Stefano. Im Palazzo della Carovana mit Blick auf den Platz befindet sich auch die renommierte Scuola Normale di Pisa.<\/p>\n<h3 style=\"font-family: 'StumptownCoffee', serif; font-weight: 500; margin-bottom: 15px; color: #1b455e;\">Florenz, die Wiege der Renaissance<\/h3>\n<p>Florenz ist der <strong>Mittelpunkt des intellektuellen, k\u00fcnstlerischen und kulturellen Erbes der Toskana<\/strong>, oder besser gesagt ganz Italiens. Ein Aufenthalt in der Toskana muss einen Besuch in Florenz, einen Spaziergang durch das historische Zentrum, einen Besuch des <strong>Piazzale Michelangelo oder der Ponte Vecchio<\/strong> sowie einen Spaziergang am Ufer des Arno beinhalten. Ein Aufenthalt in Florenz kann ohne den Besuch der <strong>Uffizien, der Akademie und dem imposanten Palazzo della Signoria<\/strong> nicht als solcher gelten. Die Kirchen Santa Croce, San Miniato, Santa Maria Novella und San Lorenzo beherbergen einige der weltweit wichtigsten und ber\u00fchmtesten Gr\u00e4ber, Mosaike und Fresken, w\u00e4hrend die Museen Sie mit Ihren Kunstwerken, Marmor- und Bronzeskulpturen und den vielen erhaltenen Kunstsch\u00e4tzen verzaubern werden.<\/p>\n<h3 style=\"font-family: 'StumptownCoffee', serif; font-weight: 500; margin-bottom: 15px; color: #1b455e;\">Siena, die Stadt des toskanischen Mittelalters<\/h3>\n<p>Siena, im Herzen der Toskana gelegen und von H\u00fcgeln umgeben, ist <strong>eine der sch\u00f6nsten mittelalterlichen St\u00e4dte Italiens<\/strong>.<br \/>\nDas Herzst\u00fcck der Stadt ist die ber\u00fchmte <strong>Piazza del Campo mit ihrer besonderen Muschelform<\/strong>, wo der ber\u00fchmte <strong>Palio<\/strong> stattfindet, eine der wichtigsten Veranstaltungen f\u00fcr alle Sienesen. Der Palio von Siena ist ein leidenschaftliches Pferderennen, das jedes Jahr im Juli und August stattfindet und dessen Urspr\u00fcnge bis ins siebzehnte Jahrhundert zur\u00fcckreichen. Der Palazzo Pubblico und der Dom von Siena wurden w\u00e4hrend der Governo dei Nove errichtet, der Zeit der gr\u00f6\u00dften wirtschaftlichen und kulturellen Pracht Sienas.<\/p>\n<hr style=\"display: block; width: auto; margin-right: 30px; border-top: 1px solid #78787C !important; margin-top: 30px; margin-bottom: 35px;\" \/>\n<h2>Natur<\/h2>\n<h3 style=\"font-family: 'StumptownCoffee', serif; font-weight: 500; margin-bottom: 15px; color: #1b455e; margin-top: 30px;\">Grotte Antro del Corchia<\/h3>\n<p>Die Antro del Corchia H\u00f6hle hat eine Ausdehnung von <strong>\u00fcber 70 km Tunneln und Gruben<\/strong> mit einem maximalen H\u00f6henunterschied von 1.200 Metern: ein System von Karstg\u00e4ngen, das sich in 2 Kubikkilometern Gestein entwickelt hat und damit <strong>der gr\u00f6\u00dfte unterirdische Komplex Italiens und einer der gr\u00f6\u00dften Europas ist<\/strong>.<\/p>\n<p>Im Karstkomplex werden die Besucher von professionellen F\u00fchrern begleitet, die die G\u00e4ste mit Informationen zu den Themen Geologie, Karst und H\u00f6hlenforschung unterhalten. Die Route schl\u00e4ngelt sich dank eines kombinierten Systems von Stahlgehwegen und Passagen auf Naturfelsen f\u00fcr ca. 2 km innerhalb der H\u00f6hle, mit sehr geringen Umweltauswirkungen, die es Ihnen erm\u00f6glichen, in vollkommener Sicherheit in das Herz der Apuanischen Alpen einzudringen.<\/p>\n<p>Weitere Informationen finden Sie unter <a href=\"https:\/\/www.corchiapark.it\/\" target=\"_blank\" rel=\"noopener\">www.corchiapark.it<\/a>.<\/p>\n<h3 style=\"font-family: 'StumptownCoffee', serif; font-weight: 500; margin-bottom: 15px; color: #1b455e; margin-top: 30px;\">Grotta del Vento<\/h3>\n<p>Die Grotta del Vento (Windh\u00f6hle) liegt im Norden der Toskana, in Garfagnana, inmitten des Apuanischen Alpenparks, in einer Gegend mit spektakul\u00e4ren und interessanten Karstph\u00e4nomenen. Hier graben und formen die atmosph\u00e4rischen Einfl\u00fcsse unaufh\u00f6rlich die Kalksteinfelsen und lassen majest\u00e4tische Naturskulpturen entstehen, wie das Panie &#8211; Bergmassiv, der riesige Naturbogen des Monte Forato oder die steinernen Wasserf\u00e4lle und Spalten der Vetricia &#8211; Hochebene.<\/p>\n<p>Eingebettet in diese suggestive Umgebung bietet die Grotta del Vento eine au\u00dfergew\u00f6hnliche Vielfalt an Ausformungen des unterirdischen Karstes, die von lebenden und glitzernden Stalaktiten und Stalagmiten \u00fcber kleine Seen, B\u00e4che, Erosionsformen, Schlammformationen bis hin zu perfekt vertikalen Brunnen reichen, die \u00fcber bequeme Wege besucht werden k\u00f6nnen<\/p>\n<p>Die M\u00f6glichkeit, zwischen verschiedenen Besuchsrouten zu w\u00e4hlen, macht es zu einem idealen Ziel f\u00fcr Ausfl\u00fcge f\u00fcr Einzelpersonen, Paare, Familien, Schulklassen oder Erwachsene, Treffen etc.<\/p>\n<p>Weitere Informationen finden Sie unter <a href=\"http:\/\/www.grottadelvento.com\/ITA\/grotta.aspx\" target=\"_blank\" rel=\"noopener\">www.grottadelvento.com<\/a>.<\/p>\n<h3 style=\"font-family: 'StumptownCoffee', serif; font-weight: 500; margin-bottom: 15px; color: #1b455e; margin-top: 30px;\">Le Cinque Terre: Monterosso, Vernazza, Corniglia, Manarola e Riomaggiore<\/h3>\n<p><strong>Die Cinque Terre z\u00e4hlen zu den sch\u00f6nsten nat\u00fcrlichen Mittelmeergebieten Liguriens<\/strong> in einem etwa 10 km langen K\u00fcstenabschnitt im Osten, der durch die Anwesenheit von f\u00fcnf antiken Ortschaften mit Blick auf das Meer charakterisiert wird (<strong>Monterosso, Vernazza, Corniglia, Manarola und Riomaggiore<\/strong>).<\/p>\n<p>Von Natur aus von den Hauptverkehrswegen isoliert, konnten sie ihre Stadtstruktur im Laufe der Jahrhunderte unver\u00e4ndert beibehalten und sind dank der geografischen Merkmale des Gebietes, in dem sie sich befinden, eines der attraktivsten Reiseziele Liguriens und neuerdings auch Italiens. Das nat\u00fcrlich raue und h\u00fcgelige Gebiet wird durch Terrassen gemildert, die mit steilen H\u00e4ngen zum Meer hinabsteigen. Der <strong>Sentiero Azzurro<\/strong> (Blauer Pfad), ein Wanderweg, der sich entlang der K\u00fcste erstreckt, verbindet die Cinque Terre miteinander und bietet einen <strong>herrlichen Ausblick auf das Meer<\/strong>.\u00a0Die H\u00e4fen sind voller Fischerboote und in den typischen Trattorien k\u00f6nnen Sie die Spezialit\u00e4ten der Meeresfr\u00fcchte sowie das ber\u00fchmte ligurische Pesto probieren.<\/p>\n<p>Das Gebiet der Cinque Terre wurde 1997 von der <strong><a href=\"http:\/\/www.cinqueterre.eu.com\/it\/unesco\" target=\"_blank\" rel=\"noopener\">UNESCO<\/a><\/strong>\u00a0in die Liste der <strong>&#8222;<a href=\"http:\/\/whc.unesco.org\/en\/statesparties\/it\" target=\"_blank\" rel=\"noopener\">WORLD HERITAGE LIST<\/a>&#8220; (UNESCO &#8211; Welterbeliste)<\/strong> aufgenommen und gilt damit als <strong>eines der sch\u00f6nsten Naturschutzgebiete der Welt<\/strong>.<\/p>\n<p>F\u00fcr Informationen \u00fcber den Seeverkehr, Fahrpl\u00e4ne und Tarife besuchen Sie bitte <a href=\"https:\/\/www.navigazionegolfodeipoeti.it\/\" target=\"_blank\" rel=\"noopener\">www.navigazionegolfodeipoeti.it<\/a>.<\/p>\n","protected":false},"excerpt":{"rendered":"<p>Kunstst\u00e4dte Lucca, die Prachtvolle Lucca liegt in der Ebene am Fu\u00dfe der Apuanischen Alpen und ist weniger als eine halbe Stunde von der K\u00fcste der Versilia entfernt. Von Pisa oder Florenz aus ist es mit dem Auto oder dem Zug gut erreichbar. Die Stadtmauern sind [&hellip;]<\/p>\n","protected":false},"author":5,"featured_media":918,"parent":1010,"menu_order":5,"comment_status":"closed","ping_status":"closed","template":"","meta":{"_acf_changed":false,"footnotes":""},"class_list":["post-917","page","type-page","status-publish","has-post-thumbnail","hentry"],"acf":[],"yoast_head":"<!-- This site is optimized with the Yoast SEO plugin v27.0 - https:\/\/yoast.com\/product\/yoast-seo-wordpress\/ -->\n<title>Ausfl\u00fcge - Onda Marina - Residence RTA<\/title>\n<meta name=\"robots\" content=\"index, follow, max-snippet:-1, max-image-preview:large, max-video-preview:-1\" \/>\n<link rel=\"canonical\" href=\"https:\/\/www.ondamarinarta.it\/de\/aktivitaeten-und-umgebung\/ausfluege\/\" \/>\n<meta property=\"og:locale\" content=\"de_DE\" \/>\n<meta property=\"og:type\" content=\"article\" \/>\n<meta property=\"og:title\" content=\"Ausfl\u00fcge - Onda Marina - Residence RTA\" \/>\n<meta property=\"og:description\" content=\"Kunstst\u00e4dte Lucca, die Prachtvolle Lucca liegt in der Ebene am Fu\u00dfe der Apuanischen Alpen und ist weniger als eine halbe Stunde von der K\u00fcste der Versilia entfernt. Von Pisa oder Florenz aus ist es mit dem Auto oder dem Zug gut erreichbar. Die Stadtmauern sind [&hellip;]\" \/>\n<meta property=\"og:url\" content=\"https:\/\/www.ondamarinarta.it\/de\/aktivitaeten-und-umgebung\/ausfluege\/\" \/>\n<meta property=\"og:site_name\" content=\"Onda Marina - Residence RTA\" \/>\n<meta property=\"article:modified_time\" content=\"2018-12-21T10:38:21+00:00\" \/>\n<meta property=\"og:image\" content=\"https:\/\/www.ondamarinarta.it\/wp-content\/uploads\/2018\/06\/test-attivita-escursioni.jpg\" \/>\n\t<meta property=\"og:image:width\" content=\"650\" \/>\n\t<meta property=\"og:image:height\" content=\"435\" \/>\n\t<meta property=\"og:image:type\" content=\"image\/jpeg\" \/>\n<meta name=\"twitter:card\" content=\"summary_large_image\" \/>\n<meta name=\"twitter:label1\" content=\"Gesch\u00e4tzte Lesezeit\" \/>\n\t<meta name=\"twitter:data1\" content=\"5\u00a0Minuten\" \/>\n<script type=\"application\/ld+json\" class=\"yoast-schema-graph\">{\"@context\":\"https:\/\/schema.org\",\"@graph\":[{\"@type\":\"WebPage\",\"@id\":\"https:\/\/www.ondamarinarta.it\/de\/aktivitaeten-und-umgebung\/ausfluege\/\",\"url\":\"https:\/\/www.ondamarinarta.it\/de\/aktivitaeten-und-umgebung\/ausfluege\/\",\"name\":\"Ausfl\u00fcge - Onda Marina - Residence RTA\",\"isPartOf\":{\"@id\":\"https:\/\/www.ondamarinarta.it\/#website\"},\"primaryImageOfPage\":{\"@id\":\"https:\/\/www.ondamarinarta.it\/de\/aktivitaeten-und-umgebung\/ausfluege\/#primaryimage\"},\"image\":{\"@id\":\"https:\/\/www.ondamarinarta.it\/de\/aktivitaeten-und-umgebung\/ausfluege\/#primaryimage\"},\"thumbnailUrl\":\"https:\/\/www.ondamarinarta.it\/wp-content\/uploads\/2018\/06\/test-attivita-escursioni.jpg\",\"datePublished\":\"2018-05-23T17:51:22+00:00\",\"dateModified\":\"2018-12-21T10:38:21+00:00\",\"breadcrumb\":{\"@id\":\"https:\/\/www.ondamarinarta.it\/de\/aktivitaeten-und-umgebung\/ausfluege\/#breadcrumb\"},\"inLanguage\":\"de\",\"potentialAction\":[{\"@type\":\"ReadAction\",\"target\":[\"https:\/\/www.ondamarinarta.it\/de\/aktivitaeten-und-umgebung\/ausfluege\/\"]}]},{\"@type\":\"ImageObject\",\"inLanguage\":\"de\",\"@id\":\"https:\/\/www.ondamarinarta.it\/de\/aktivitaeten-und-umgebung\/ausfluege\/#primaryimage\",\"url\":\"https:\/\/www.ondamarinarta.it\/wp-content\/uploads\/2018\/06\/test-attivita-escursioni.jpg\",\"contentUrl\":\"https:\/\/www.ondamarinarta.it\/wp-content\/uploads\/2018\/06\/test-attivita-escursioni.jpg\",\"width\":650,\"height\":435},{\"@type\":\"BreadcrumbList\",\"@id\":\"https:\/\/www.ondamarinarta.it\/de\/aktivitaeten-und-umgebung\/ausfluege\/#breadcrumb\",\"itemListElement\":[{\"@type\":\"ListItem\",\"position\":1,\"name\":\"Home\",\"item\":\"https:\/\/www.ondamarinarta.it\/\"},{\"@type\":\"ListItem\",\"position\":2,\"name\":\"Aktivit\u00e4ten und Umgebung\",\"item\":\"https:\/\/www.ondamarinarta.it\/de\/aktivitaeten-und-umgebung\/ausfluege\/\"},{\"@type\":\"ListItem\",\"position\":3,\"name\":\"Ausfl\u00fcge\"}]},{\"@type\":\"WebSite\",\"@id\":\"https:\/\/www.ondamarinarta.it\/#website\",\"url\":\"https:\/\/www.ondamarinarta.it\/\",\"name\":\"Onda Marina - Residence RTA\",\"description\":\"\",\"potentialAction\":[{\"@type\":\"SearchAction\",\"target\":{\"@type\":\"EntryPoint\",\"urlTemplate\":\"https:\/\/www.ondamarinarta.it\/?s={search_term_string}\"},\"query-input\":{\"@type\":\"PropertyValueSpecification\",\"valueRequired\":true,\"valueName\":\"search_term_string\"}}],\"inLanguage\":\"de\"}]}<\/script>\n<!-- \/ Yoast SEO plugin. -->","yoast_head_json":{"title":"Ausfl\u00fcge - Onda Marina - Residence RTA","robots":{"index":"index","follow":"follow","max-snippet":"max-snippet:-1","max-image-preview":"max-image-preview:large","max-video-preview":"max-video-preview:-1"},"canonical":"https:\/\/www.ondamarinarta.it\/de\/aktivitaeten-und-umgebung\/ausfluege\/","og_locale":"de_DE","og_type":"article","og_title":"Ausfl\u00fcge - Onda Marina - Residence RTA","og_description":"Kunstst\u00e4dte Lucca, die Prachtvolle Lucca liegt in der Ebene am Fu\u00dfe der Apuanischen Alpen und ist weniger als eine halbe Stunde von der K\u00fcste der Versilia entfernt. Von Pisa oder Florenz aus ist es mit dem Auto oder dem Zug gut erreichbar. Die Stadtmauern sind [&hellip;]","og_url":"https:\/\/www.ondamarinarta.it\/de\/aktivitaeten-und-umgebung\/ausfluege\/","og_site_name":"Onda Marina - Residence RTA","article_modified_time":"2018-12-21T10:38:21+00:00","og_image":[{"width":650,"height":435,"url":"https:\/\/www.ondamarinarta.it\/wp-content\/uploads\/2018\/06\/test-attivita-escursioni.jpg","type":"image\/jpeg"}],"twitter_card":"summary_large_image","twitter_misc":{"Gesch\u00e4tzte Lesezeit":"5\u00a0Minuten"},"schema":{"@context":"https:\/\/schema.org","@graph":[{"@type":"WebPage","@id":"https:\/\/www.ondamarinarta.it\/de\/aktivitaeten-und-umgebung\/ausfluege\/","url":"https:\/\/www.ondamarinarta.it\/de\/aktivitaeten-und-umgebung\/ausfluege\/","name":"Ausfl\u00fcge - Onda Marina - Residence RTA","isPartOf":{"@id":"https:\/\/www.ondamarinarta.it\/#website"},"primaryImageOfPage":{"@id":"https:\/\/www.ondamarinarta.it\/de\/aktivitaeten-und-umgebung\/ausfluege\/#primaryimage"},"image":{"@id":"https:\/\/www.ondamarinarta.it\/de\/aktivitaeten-und-umgebung\/ausfluege\/#primaryimage"},"thumbnailUrl":"https:\/\/www.ondamarinarta.it\/wp-content\/uploads\/2018\/06\/test-attivita-escursioni.jpg","datePublished":"2018-05-23T17:51:22+00:00","dateModified":"2018-12-21T10:38:21+00:00","breadcrumb":{"@id":"https:\/\/www.ondamarinarta.it\/de\/aktivitaeten-und-umgebung\/ausfluege\/#breadcrumb"},"inLanguage":"de","potentialAction":[{"@type":"ReadAction","target":["https:\/\/www.ondamarinarta.it\/de\/aktivitaeten-und-umgebung\/ausfluege\/"]}]},{"@type":"ImageObject","inLanguage":"de","@id":"https:\/\/www.ondamarinarta.it\/de\/aktivitaeten-und-umgebung\/ausfluege\/#primaryimage","url":"https:\/\/www.ondamarinarta.it\/wp-content\/uploads\/2018\/06\/test-attivita-escursioni.jpg","contentUrl":"https:\/\/www.ondamarinarta.it\/wp-content\/uploads\/2018\/06\/test-attivita-escursioni.jpg","width":650,"height":435},{"@type":"BreadcrumbList","@id":"https:\/\/www.ondamarinarta.it\/de\/aktivitaeten-und-umgebung\/ausfluege\/#breadcrumb","itemListElement":[{"@type":"ListItem","position":1,"name":"Home","item":"https:\/\/www.ondamarinarta.it\/"},{"@type":"ListItem","position":2,"name":"Aktivit\u00e4ten und Umgebung","item":"https:\/\/www.ondamarinarta.it\/de\/aktivitaeten-und-umgebung\/ausfluege\/"},{"@type":"ListItem","position":3,"name":"Ausfl\u00fcge"}]},{"@type":"WebSite","@id":"https:\/\/www.ondamarinarta.it\/#website","url":"https:\/\/www.ondamarinarta.it\/","name":"Onda Marina - Residence RTA","description":"","potentialAction":[{"@type":"SearchAction","target":{"@type":"EntryPoint","urlTemplate":"https:\/\/www.ondamarinarta.it\/?s={search_term_string}"},"query-input":{"@type":"PropertyValueSpecification","valueRequired":true,"valueName":"search_term_string"}}],"inLanguage":"de"}]}},"_links":{"self":[{"href":"https:\/\/www.ondamarinarta.it\/de\/wp-json\/wp\/v2\/pages\/917","targetHints":{"allow":["GET"]}}],"collection":[{"href":"https:\/\/www.ondamarinarta.it\/de\/wp-json\/wp\/v2\/pages"}],"about":[{"href":"https:\/\/www.ondamarinarta.it\/de\/wp-json\/wp\/v2\/types\/page"}],"author":[{"embeddable":true,"href":"https:\/\/www.ondamarinarta.it\/de\/wp-json\/wp\/v2\/users\/5"}],"replies":[{"embeddable":true,"href":"https:\/\/www.ondamarinarta.it\/de\/wp-json\/wp\/v2\/comments?post=917"}],"version-history":[{"count":2,"href":"https:\/\/www.ondamarinarta.it\/de\/wp-json\/wp\/v2\/pages\/917\/revisions"}],"predecessor-version":[{"id":919,"href":"https:\/\/www.ondamarinarta.it\/de\/wp-json\/wp\/v2\/pages\/917\/revisions\/919"}],"up":[{"embeddable":true,"href":"https:\/\/www.ondamarinarta.it\/de\/wp-json\/wp\/v2\/pages\/1010"}],"wp:featuredmedia":[{"embeddable":true,"href":"https:\/\/www.ondamarinarta.it\/de\/wp-json\/wp\/v2\/media\/918"}],"wp:attachment":[{"href":"https:\/\/www.ondamarinarta.it\/de\/wp-json\/wp\/v2\/media?parent=917"}],"curies":[{"name":"wp","href":"https:\/\/api.w.org\/{rel}","templated":true}]}}