{"id":889,"date":"2018-05-18T11:50:16","date_gmt":"2018-05-18T09:50:16","guid":{"rendered":"https:\/\/www.ondamarinarta.it\/tariffe-e-servizi\/"},"modified":"2020-02-12T10:37:13","modified_gmt":"2020-02-12T09:37:13","slug":"preise-und-dienstleistugen","status":"publish","type":"page","link":"https:\/\/www.ondamarinarta.it\/de\/preise-und-dienstleistugen\/","title":{"rendered":"Preise und dienstleistugen"},"content":{"rendered":"<p><strong>F\u00fcr den Rest des Jahres, f\u00fcr Karneval, Weihnachten, Neujahr, Ostern und andere Feiertage,\u00a0variiert der Preis t\u00e4glich. Bitten wir Sie uns zu <a href=\"\/?page_id=99\">kontaktieren<\/a>.<\/strong><\/p>\n<p><strong>Check-in<br \/>\n<\/strong>Von 14:00 Uhr bis 20:00 Uhr von April bis Juni und von September bis Oktober.<br \/>\nVon 14:00 Uhr bis 22:00 Uhr im Juli und August.<\/p>\n<p><strong>Check-out<br \/>\n<\/strong>Bis 10:00 Uhr (in der Nebensaison, M\u00f6glichkeit des fr\u00fcheren oder sp\u00e4teren Check-in nach Absprache mit der Rezeption).<\/p>\n<h2>Inklusive Dienstleitungen<\/h2>\n<ul>\n<li><strong>Schwimmbad<\/strong>: von 9:00 Uhr bis 20:00 Uhr im Juni, Juli, August. Von 9:00 Uhr bis 19.30 Uhr im April, Mai, September;<\/li>\n<li><strong>Interner Parkplatz;<\/strong><\/li>\n<li><strong>Klimaanlage \/ Heizung;<\/strong><\/li>\n<li><strong> Strom;<\/strong><\/li>\n<li><strong> Wasser;<\/strong><\/li>\n<li><strong>W\u00e4schewechsel zweimal pro Woche<\/strong>\u00a0(je nach Ankunftstag),<\/li>\n<li><strong>Endreinigung;<\/strong><\/li>\n<li><strong>Kostenloses Wi &#8211; Fi;<\/strong><\/li>\n<li><strong>Sonnenterrasse<\/strong>\u00a0mit\u00a0<strong>Grillm\u00f6glichkeit<\/strong>(Tische, St\u00fchle und Holzkohle).<\/li>\n<\/ul>\n<h2>Zus\u00e4tzliche Dienstleistungen<\/h2>\n<ul>\n<li><strong>Open Bar<\/strong>: 08:00-20:00 Uhr;<\/li>\n<li><strong>W\u00e4scheservice\u00a0<\/strong>(ge\u00f6ffnet von 08:00 Uhr bis 18:00 Uhr) gegen Bezahlung;<\/li>\n<li>kostenloser<strong>B\u00fcgelservice<\/strong>;<\/li>\n<li><strong>Fahrradverleih<\/strong>gegen Geb\u00fchr;<\/li>\n<li>Vertragsgebunden mit der<strong>Badeanstalt \u201cLuciano\u201d<\/strong> die Sonderpreise f\u00fcr unsere Kunden reserviert.<\/li>\n<\/ul>\n<h2>Dienstleistungen, die vor Ort zu bezahlen sind<\/h2>\n<p>Kurtaxe vom 1. Juni bis 30. September: \u20ac 1,50 pro Tag, nur f\u00fcr die erste Woche des Aufenthalts.<\/p>\n<ul style=\"margin-top: -10px;\">\n<li><strong>Kleintiere<\/strong>:\u20ac 40,00 pro Aufenthalt (Zuschlag f\u00fcr einen Mindestaufenthalt von 3 N\u00e4chten: \u20ac 40,00 pro Zeitraum);<\/li>\n<li><strong>Babybett<\/strong>: \u20ac 30,00 pro Woche;<\/li>\n<li><strong>Kinderbett:<\/strong>: \u20ac 50,00 pro Woche;<\/li>\n<li><strong>Zus\u00e4tzliche Reinigung:<\/strong>: \u20ac 20,00;<\/li>\n<li><strong>Extra Wechsel<\/strong>des W\u00e4schesets: \u20ac 7,00 pro Person;<\/li>\n<li><strong>Kontinentales Fr\u00fchst\u00fcck\u00a0<\/strong>\u00a0\u20ac 8,00.<\/li>\n<\/ul>\n","protected":false},"excerpt":{"rendered":"<p>F\u00fcr den Rest des Jahres, f\u00fcr Karneval, Weihnachten, Neujahr, Ostern und andere Feiertage,\u00a0variiert der Preis t\u00e4glich. Bitten wir Sie uns zu kontaktieren. Check-in Von 14:00 Uhr bis 20:00 Uhr von April bis Juni und von September bis Oktober. Von 14:00 Uhr bis 22:00 Uhr im [&hellip;]<\/p>\n","protected":false},"author":5,"featured_media":0,"parent":0,"menu_order":15,"comment_status":"closed","ping_status":"closed","template":"tpl-tariffs.php","meta":{"_acf_changed":false,"footnotes":""},"class_list":["post-889","page","type-page","status-publish","hentry"],"acf":[],"yoast_head":"<!-- This site is optimized with the Yoast SEO plugin v27.0 - https:\/\/yoast.com\/product\/yoast-seo-wordpress\/ -->\n<title>Preise und dienstleistugen - Onda Marina - Residence RTA<\/title>\n<meta name=\"robots\" content=\"index, follow, max-snippet:-1, max-image-preview:large, max-video-preview:-1\" \/>\n<link rel=\"canonical\" href=\"https:\/\/www.ondamarinarta.it\/de\/preise-und-dienstleistugen\/\" \/>\n<meta property=\"og:locale\" content=\"de_DE\" \/>\n<meta property=\"og:type\" content=\"article\" \/>\n<meta property=\"og:title\" content=\"Preise und dienstleistugen - Onda Marina - Residence RTA\" \/>\n<meta property=\"og:description\" content=\"F\u00fcr den Rest des Jahres, f\u00fcr Karneval, Weihnachten, Neujahr, Ostern und andere Feiertage,\u00a0variiert der Preis t\u00e4glich. Bitten wir Sie uns zu kontaktieren. Check-in Von 14:00 Uhr bis 20:00 Uhr von April bis Juni und von September bis Oktober. Von 14:00 Uhr bis 22:00 Uhr im [&hellip;]\" \/>\n<meta property=\"og:url\" content=\"https:\/\/www.ondamarinarta.it\/de\/preise-und-dienstleistugen\/\" \/>\n<meta property=\"og:site_name\" content=\"Onda Marina - Residence RTA\" \/>\n<meta property=\"article:modified_time\" content=\"2020-02-12T09:37:13+00:00\" \/>\n<meta property=\"og:image\" content=\"https:\/\/www.ondamarinarta.it\/wp-content\/uploads\/2018\/08\/giardino01.jpg\" \/>\n\t<meta property=\"og:image:width\" content=\"800\" \/>\n\t<meta property=\"og:image:height\" content=\"533\" \/>\n\t<meta property=\"og:image:type\" content=\"image\/jpeg\" \/>\n<meta name=\"twitter:card\" content=\"summary_large_image\" \/>\n<meta name=\"twitter:label1\" content=\"Gesch\u00e4tzte Lesezeit\" \/>\n\t<meta name=\"twitter:data1\" content=\"1\u00a0Minute\" \/>\n<script type=\"application\/ld+json\" class=\"yoast-schema-graph\">{\"@context\":\"https:\/\/schema.org\",\"@graph\":[{\"@type\":\"WebPage\",\"@id\":\"https:\/\/www.ondamarinarta.it\/de\/preise-und-dienstleistugen\/\",\"url\":\"https:\/\/www.ondamarinarta.it\/de\/preise-und-dienstleistugen\/\",\"name\":\"Preise und dienstleistugen - Onda Marina - Residence RTA\",\"isPartOf\":{\"@id\":\"https:\/\/www.ondamarinarta.it\/#website\"},\"datePublished\":\"2018-05-18T09:50:16+00:00\",\"dateModified\":\"2020-02-12T09:37:13+00:00\",\"breadcrumb\":{\"@id\":\"https:\/\/www.ondamarinarta.it\/de\/preise-und-dienstleistugen\/#breadcrumb\"},\"inLanguage\":\"de\",\"potentialAction\":[{\"@type\":\"ReadAction\",\"target\":[\"https:\/\/www.ondamarinarta.it\/de\/preise-und-dienstleistugen\/\"]}]},{\"@type\":\"BreadcrumbList\",\"@id\":\"https:\/\/www.ondamarinarta.it\/de\/preise-und-dienstleistugen\/#breadcrumb\",\"itemListElement\":[{\"@type\":\"ListItem\",\"position\":1,\"name\":\"Home\",\"item\":\"https:\/\/www.ondamarinarta.it\/\"},{\"@type\":\"ListItem\",\"position\":2,\"name\":\"Preise und dienstleistugen\"}]},{\"@type\":\"WebSite\",\"@id\":\"https:\/\/www.ondamarinarta.it\/#website\",\"url\":\"https:\/\/www.ondamarinarta.it\/\",\"name\":\"Onda Marina - Residence RTA\",\"description\":\"\",\"potentialAction\":[{\"@type\":\"SearchAction\",\"target\":{\"@type\":\"EntryPoint\",\"urlTemplate\":\"https:\/\/www.ondamarinarta.it\/?s={search_term_string}\"},\"query-input\":{\"@type\":\"PropertyValueSpecification\",\"valueRequired\":true,\"valueName\":\"search_term_string\"}}],\"inLanguage\":\"de\"}]}<\/script>\n<!-- \/ Yoast SEO plugin. -->","yoast_head_json":{"title":"Preise und dienstleistugen - Onda Marina - Residence RTA","robots":{"index":"index","follow":"follow","max-snippet":"max-snippet:-1","max-image-preview":"max-image-preview:large","max-video-preview":"max-video-preview:-1"},"canonical":"https:\/\/www.ondamarinarta.it\/de\/preise-und-dienstleistugen\/","og_locale":"de_DE","og_type":"article","og_title":"Preise und dienstleistugen - Onda Marina - Residence RTA","og_description":"F\u00fcr den Rest des Jahres, f\u00fcr Karneval, Weihnachten, Neujahr, Ostern und andere Feiertage,\u00a0variiert der Preis t\u00e4glich. Bitten wir Sie uns zu kontaktieren. Check-in Von 14:00 Uhr bis 20:00 Uhr von April bis Juni und von September bis Oktober. Von 14:00 Uhr bis 22:00 Uhr im [&hellip;]","og_url":"https:\/\/www.ondamarinarta.it\/de\/preise-und-dienstleistugen\/","og_site_name":"Onda Marina - Residence RTA","article_modified_time":"2020-02-12T09:37:13+00:00","og_image":[{"width":800,"height":533,"url":"https:\/\/www.ondamarinarta.it\/wp-content\/uploads\/2018\/08\/giardino01.jpg","type":"image\/jpeg"}],"twitter_card":"summary_large_image","twitter_misc":{"Gesch\u00e4tzte Lesezeit":"1\u00a0Minute"},"schema":{"@context":"https:\/\/schema.org","@graph":[{"@type":"WebPage","@id":"https:\/\/www.ondamarinarta.it\/de\/preise-und-dienstleistugen\/","url":"https:\/\/www.ondamarinarta.it\/de\/preise-und-dienstleistugen\/","name":"Preise und dienstleistugen - Onda Marina - Residence RTA","isPartOf":{"@id":"https:\/\/www.ondamarinarta.it\/#website"},"datePublished":"2018-05-18T09:50:16+00:00","dateModified":"2020-02-12T09:37:13+00:00","breadcrumb":{"@id":"https:\/\/www.ondamarinarta.it\/de\/preise-und-dienstleistugen\/#breadcrumb"},"inLanguage":"de","potentialAction":[{"@type":"ReadAction","target":["https:\/\/www.ondamarinarta.it\/de\/preise-und-dienstleistugen\/"]}]},{"@type":"BreadcrumbList","@id":"https:\/\/www.ondamarinarta.it\/de\/preise-und-dienstleistugen\/#breadcrumb","itemListElement":[{"@type":"ListItem","position":1,"name":"Home","item":"https:\/\/www.ondamarinarta.it\/"},{"@type":"ListItem","position":2,"name":"Preise und dienstleistugen"}]},{"@type":"WebSite","@id":"https:\/\/www.ondamarinarta.it\/#website","url":"https:\/\/www.ondamarinarta.it\/","name":"Onda Marina - Residence RTA","description":"","potentialAction":[{"@type":"SearchAction","target":{"@type":"EntryPoint","urlTemplate":"https:\/\/www.ondamarinarta.it\/?s={search_term_string}"},"query-input":{"@type":"PropertyValueSpecification","valueRequired":true,"valueName":"search_term_string"}}],"inLanguage":"de"}]}},"_links":{"self":[{"href":"https:\/\/www.ondamarinarta.it\/de\/wp-json\/wp\/v2\/pages\/889","targetHints":{"allow":["GET"]}}],"collection":[{"href":"https:\/\/www.ondamarinarta.it\/de\/wp-json\/wp\/v2\/pages"}],"about":[{"href":"https:\/\/www.ondamarinarta.it\/de\/wp-json\/wp\/v2\/types\/page"}],"author":[{"embeddable":true,"href":"https:\/\/www.ondamarinarta.it\/de\/wp-json\/wp\/v2\/users\/5"}],"replies":[{"embeddable":true,"href":"https:\/\/www.ondamarinarta.it\/de\/wp-json\/wp\/v2\/comments?post=889"}],"version-history":[{"count":6,"href":"https:\/\/www.ondamarinarta.it\/de\/wp-json\/wp\/v2\/pages\/889\/revisions"}],"predecessor-version":[{"id":1169,"href":"https:\/\/www.ondamarinarta.it\/de\/wp-json\/wp\/v2\/pages\/889\/revisions\/1169"}],"wp:attachment":[{"href":"https:\/\/www.ondamarinarta.it\/de\/wp-json\/wp\/v2\/media?parent=889"}],"curies":[{"name":"wp","href":"https:\/\/api.w.org\/{rel}","templated":true}]}}