{"id":884,"date":"2018-12-21T11:32:21","date_gmt":"2018-12-21T10:32:21","guid":{"rendered":"https:\/\/www.ondamarinarta.it\/?page_id=884"},"modified":"2018-12-21T11:32:21","modified_gmt":"2018-12-21T10:32:21","slug":"residenz","status":"publish","type":"page","link":"https:\/\/www.ondamarinarta.it\/de\/residenz\/","title":{"rendered":"Residenz"},"content":{"rendered":"<p>Die im Juni 2002 er\u00f6ffnete Residenz <strong>Onda Marina<\/strong> befindet sich in <strong>Marina di Pietrasanta<\/strong>,<br \/>\n<strong>im Herzen der Versilia<\/strong>, in einem ruhigen und gr\u00fcnen Pinienwald, nur <strong>1000 m vom Meer entfernt<\/strong>.<\/p>\n<p><strong>Onda Marina<\/strong> bietet seinen G\u00e4sten ein modernes und elegantes Ambiente:<\/p>\n<p>\u2022 Empfang;<br \/>\n\u2022 Schwimmbad mit St\u00fchlen, Sonnenschirmen und Badet\u00fcchern;<br \/>\n\u2022 Liegewiese zum Sonnen mit Liegest\u00fchlen und Sonnenschirmen;<br \/>\n\u2022 Spiele f\u00fcr Kinder;<br \/>\n\u2022 Bar;<br \/>\n\u2022 Aufzug;<br \/>\n\u2022 Interner Parkplatz;<br \/>\n\u2022 Sonnenterrasse mit St\u00fchlen, Sofas und Grillplatz;<br \/>\n\u2022 Waschmaschine (gegen Geb\u00fchr);<br \/>\n\u2022 B\u00fcgelraum;<br \/>\n\u2022 Kostenloses Wi &#8211; Fi.<\/p>\n<h2>Informationen f\u00fcr Menschen mit eingeschr\u00e4nkter Mobilit\u00e4t<\/h2>\n<p>\u2022 3 behindertengerecht ausgestattete Zweizimmerwohnung f\u00fcr behinderte Personen mit Begleitperson;<br \/>\n\u2022 Diese Wohnungen befinden sich im ersten Stockwerk auf der Seite des Parkplatzes;<br \/>\n\u2022 Die Bar, das Freibad und die Sonnenterrasse mit Grillplatz sind rollstuhlg\u00e4ngig.<\/p>\n","protected":false},"excerpt":{"rendered":"<p>Die im Juni 2002 er\u00f6ffnete Residenz Onda Marina befindet sich in Marina di Pietrasanta, im Herzen der Versilia, in einem ruhigen und gr\u00fcnen Pinienwald, nur 1000 m vom Meer entfernt. Onda Marina bietet seinen G\u00e4sten ein modernes und elegantes Ambiente: \u2022 Empfang; \u2022 Schwimmbad mit [&hellip;]<\/p>\n","protected":false},"author":5,"featured_media":0,"parent":0,"menu_order":5,"comment_status":"closed","ping_status":"closed","template":"","meta":{"_acf_changed":false,"footnotes":""},"class_list":["post-884","page","type-page","status-publish","hentry"],"acf":[],"yoast_head":"<!-- This site is optimized with the Yoast SEO plugin v27.0 - https:\/\/yoast.com\/product\/yoast-seo-wordpress\/ -->\n<title>Residenz - Onda Marina - Residence RTA<\/title>\n<meta name=\"robots\" content=\"index, follow, max-snippet:-1, max-image-preview:large, max-video-preview:-1\" \/>\n<link rel=\"canonical\" href=\"https:\/\/www.ondamarinarta.it\/de\/residenz\/\" \/>\n<meta property=\"og:locale\" content=\"de_DE\" \/>\n<meta property=\"og:type\" content=\"article\" \/>\n<meta property=\"og:title\" content=\"Residenz - Onda Marina - Residence RTA\" \/>\n<meta property=\"og:description\" content=\"Die im Juni 2002 er\u00f6ffnete Residenz Onda Marina befindet sich in Marina di Pietrasanta, im Herzen der Versilia, in einem ruhigen und gr\u00fcnen Pinienwald, nur 1000 m vom Meer entfernt. Onda Marina bietet seinen G\u00e4sten ein modernes und elegantes Ambiente: \u2022 Empfang; \u2022 Schwimmbad mit [&hellip;]\" \/>\n<meta property=\"og:url\" content=\"https:\/\/www.ondamarinarta.it\/de\/residenz\/\" \/>\n<meta property=\"og:site_name\" content=\"Onda Marina - Residence RTA\" \/>\n<meta property=\"og:image\" content=\"https:\/\/www.ondamarinarta.it\/wp-content\/uploads\/2018\/08\/giardino01.jpg\" \/>\n\t<meta property=\"og:image:width\" content=\"800\" \/>\n\t<meta property=\"og:image:height\" content=\"533\" \/>\n\t<meta property=\"og:image:type\" content=\"image\/jpeg\" \/>\n<meta name=\"twitter:card\" content=\"summary_large_image\" \/>\n<meta name=\"twitter:label1\" content=\"Gesch\u00e4tzte Lesezeit\" \/>\n\t<meta name=\"twitter:data1\" content=\"1\u00a0Minute\" \/>\n<script type=\"application\/ld+json\" class=\"yoast-schema-graph\">{\"@context\":\"https:\/\/schema.org\",\"@graph\":[{\"@type\":\"WebPage\",\"@id\":\"https:\/\/www.ondamarinarta.it\/de\/residenz\/\",\"url\":\"https:\/\/www.ondamarinarta.it\/de\/residenz\/\",\"name\":\"Residenz - Onda Marina - Residence RTA\",\"isPartOf\":{\"@id\":\"https:\/\/www.ondamarinarta.it\/#website\"},\"datePublished\":\"2018-12-21T10:32:21+00:00\",\"breadcrumb\":{\"@id\":\"https:\/\/www.ondamarinarta.it\/de\/residenz\/#breadcrumb\"},\"inLanguage\":\"de\",\"potentialAction\":[{\"@type\":\"ReadAction\",\"target\":[\"https:\/\/www.ondamarinarta.it\/de\/residenz\/\"]}]},{\"@type\":\"BreadcrumbList\",\"@id\":\"https:\/\/www.ondamarinarta.it\/de\/residenz\/#breadcrumb\",\"itemListElement\":[{\"@type\":\"ListItem\",\"position\":1,\"name\":\"Home\",\"item\":\"https:\/\/www.ondamarinarta.it\/\"},{\"@type\":\"ListItem\",\"position\":2,\"name\":\"Residenz\"}]},{\"@type\":\"WebSite\",\"@id\":\"https:\/\/www.ondamarinarta.it\/#website\",\"url\":\"https:\/\/www.ondamarinarta.it\/\",\"name\":\"Onda Marina - Residence RTA\",\"description\":\"\",\"potentialAction\":[{\"@type\":\"SearchAction\",\"target\":{\"@type\":\"EntryPoint\",\"urlTemplate\":\"https:\/\/www.ondamarinarta.it\/?s={search_term_string}\"},\"query-input\":{\"@type\":\"PropertyValueSpecification\",\"valueRequired\":true,\"valueName\":\"search_term_string\"}}],\"inLanguage\":\"de\"}]}<\/script>\n<!-- \/ Yoast SEO plugin. -->","yoast_head_json":{"title":"Residenz - Onda Marina - Residence RTA","robots":{"index":"index","follow":"follow","max-snippet":"max-snippet:-1","max-image-preview":"max-image-preview:large","max-video-preview":"max-video-preview:-1"},"canonical":"https:\/\/www.ondamarinarta.it\/de\/residenz\/","og_locale":"de_DE","og_type":"article","og_title":"Residenz - Onda Marina - Residence RTA","og_description":"Die im Juni 2002 er\u00f6ffnete Residenz Onda Marina befindet sich in Marina di Pietrasanta, im Herzen der Versilia, in einem ruhigen und gr\u00fcnen Pinienwald, nur 1000 m vom Meer entfernt. Onda Marina bietet seinen G\u00e4sten ein modernes und elegantes Ambiente: \u2022 Empfang; \u2022 Schwimmbad mit [&hellip;]","og_url":"https:\/\/www.ondamarinarta.it\/de\/residenz\/","og_site_name":"Onda Marina - Residence RTA","og_image":[{"width":800,"height":533,"url":"https:\/\/www.ondamarinarta.it\/wp-content\/uploads\/2018\/08\/giardino01.jpg","type":"image\/jpeg"}],"twitter_card":"summary_large_image","twitter_misc":{"Gesch\u00e4tzte Lesezeit":"1\u00a0Minute"},"schema":{"@context":"https:\/\/schema.org","@graph":[{"@type":"WebPage","@id":"https:\/\/www.ondamarinarta.it\/de\/residenz\/","url":"https:\/\/www.ondamarinarta.it\/de\/residenz\/","name":"Residenz - Onda Marina - Residence RTA","isPartOf":{"@id":"https:\/\/www.ondamarinarta.it\/#website"},"datePublished":"2018-12-21T10:32:21+00:00","breadcrumb":{"@id":"https:\/\/www.ondamarinarta.it\/de\/residenz\/#breadcrumb"},"inLanguage":"de","potentialAction":[{"@type":"ReadAction","target":["https:\/\/www.ondamarinarta.it\/de\/residenz\/"]}]},{"@type":"BreadcrumbList","@id":"https:\/\/www.ondamarinarta.it\/de\/residenz\/#breadcrumb","itemListElement":[{"@type":"ListItem","position":1,"name":"Home","item":"https:\/\/www.ondamarinarta.it\/"},{"@type":"ListItem","position":2,"name":"Residenz"}]},{"@type":"WebSite","@id":"https:\/\/www.ondamarinarta.it\/#website","url":"https:\/\/www.ondamarinarta.it\/","name":"Onda Marina - Residence RTA","description":"","potentialAction":[{"@type":"SearchAction","target":{"@type":"EntryPoint","urlTemplate":"https:\/\/www.ondamarinarta.it\/?s={search_term_string}"},"query-input":{"@type":"PropertyValueSpecification","valueRequired":true,"valueName":"search_term_string"}}],"inLanguage":"de"}]}},"_links":{"self":[{"href":"https:\/\/www.ondamarinarta.it\/de\/wp-json\/wp\/v2\/pages\/884","targetHints":{"allow":["GET"]}}],"collection":[{"href":"https:\/\/www.ondamarinarta.it\/de\/wp-json\/wp\/v2\/pages"}],"about":[{"href":"https:\/\/www.ondamarinarta.it\/de\/wp-json\/wp\/v2\/types\/page"}],"author":[{"embeddable":true,"href":"https:\/\/www.ondamarinarta.it\/de\/wp-json\/wp\/v2\/users\/5"}],"replies":[{"embeddable":true,"href":"https:\/\/www.ondamarinarta.it\/de\/wp-json\/wp\/v2\/comments?post=884"}],"version-history":[{"count":1,"href":"https:\/\/www.ondamarinarta.it\/de\/wp-json\/wp\/v2\/pages\/884\/revisions"}],"predecessor-version":[{"id":885,"href":"https:\/\/www.ondamarinarta.it\/de\/wp-json\/wp\/v2\/pages\/884\/revisions\/885"}],"wp:attachment":[{"href":"https:\/\/www.ondamarinarta.it\/de\/wp-json\/wp\/v2\/media?parent=884"}],"curies":[{"name":"wp","href":"https:\/\/api.w.org\/{rel}","templated":true}]}}